{"id":3,"date":"2023-05-16T17:43:56","date_gmt":"2023-05-16T15:43:56","guid":{"rendered":"http:\/\/casa.fontagusta.eu\/?page_id=3"},"modified":"2023-07-25T11:07:49","modified_gmt":"2023-07-25T09:07:49","slug":"privacy-policy","status":"publish","type":"page","link":"https:\/\/casa.fontagusta.eu\/en\/privacy-policy\/","title":{"rendered":"Privacy Policy"},"content":{"rendered":"\n<h2 class=\"wp-block-heading\">Aufkl\u00e4rungsschreiben im Sinne der DSGVO 679\/2016<\/h2>\n\n\n\n<p>Im Sinne der EU Datenschutz-Grundverordnung Nr. 679\/2016 (im Folgenden &#8220;DSGVO 679\/2016&#8221;) informieren wir dar\u00fcber, dass wir personenbezogene Daten von Kunden, Lieferanten und Gesch\u00e4ftspartnern verarbeiten, die unserem Betrieb ihre Daten willentlich (pers\u00f6nlich, telefonisch, per Mail oder durch Inanspruchnahme des Kontaktformulars auf unserer Website) mitteilen, sowie von Personen, deren Daten durch Dritte (z.B. bei der Erfassung von externen Daten f\u00fcr gesch\u00e4ftliche Informationen, \u00f6ffentliche Verzeichnisse, etc.) \u00fcbernommen wurden.<br>Der Begriff &#8220;personenbezogene Daten&#8221; meint unter Verweis auf die Definition des Art. 4 Nr.1 der DSGVO 679\/2016 alle Daten, die auf Sie pers\u00f6nlich beziehbar sind. Darunter fallen besipielsweise Name, Adresse, E-Mail-Adresse, Nutzerverhalten. Hinsichtlich der \u00fcbrigen Begrifflichkeiten, insbesondere der Begriffe &#8220;Verarbeitung&#8221;, &#8220;Verantwortlicher&#8221;, &#8220;Auftragsverarbeiter&#8221; und &#8220;Einwilligung&#8221; verweisen wir auf die gesetzlichen datenschutzrechtlichen Definitionen des Art. 4 DSGVO.<\/p>\n\n\n\n<h3 class=\"wp-block-heading\">Ziel- und Zweckstellung bei der Datenverarbeitung<\/h3>\n\n\n\n<ul class=\"wp-block-list\">\n<li>Identifikation Kunde\/Lieferant\/Gesch\u00e4ftspartner (um Sie als unseren Kunden\/Lieferant\/Gesch\u00e4ftspartner identifizieren zu k\u00f6nnen)<\/li>\n\n\n\n<li>Erf\u00fcllung von gesetzlichen Pflichten, Pflichten aus Verordnungen, Gemeinschaftsnormen sowie zivil- und steuerrechtlichen Gesetzen<\/li>\n\n\n\n<li>Erf\u00fcllung eventueller vertraglicher Verpflichtungen gegen\u00fcber dem Betroffenen<\/li>\n\n\n\n<li>Erf\u00fcllung von T\u00e4tigkeiten in Verbindung mit der Gesch\u00e4ftst\u00e4tigkeit unseres Unternehmens, wie das Ausf\u00fcllen von internen Statistiken, zur Rechnungslegung sowie zur F\u00fchrung der Kunden-\/Lieferantenbuchhaltung<\/li>\n\n\n\n<li>Zielstellungen gesch\u00e4ftlicher Art, wie die Zusendung von Gesch\u00e4ftsinformationen und Werbematerial (per Post, Fax und E-Mail), Marketing und Marktuntersuchungen<\/li>\n\n\n\n<li>Schutz der Forderungen und Verwaltung der Verbindlichkeiten<\/li>\n<\/ul>\n\n\n\n<p>Personenbezogene Daten sind<\/p>\n\n\n\n<ul class=\"wp-block-list\">\n<li>zwingend mitzuteilen und notwendig, um das mit Ihnen eingegangene Vertragsverh\u00e4ltnis fortzuf\u00fchren und die oben genannten Zwecke zu erf\u00fcllen, mit denen Verpflichtungen verbunden sind, die in Gesetzen, Verordnungen oder gemeinschaftsrechtlichen Bestimmungen vorgesehen sind (Art. 6 Abs. 1 S. 1 lit. b, c, DSGVO)<\/li>\n\n\n\n<li>freiwillig mitzuteilen, wenn es um den Versand von Informationsmaterial und Verkaufsmitteilungen geht (Art. 6 Abs. 1 S. 1 lit. a, f, DSGVO)<\/li>\n<\/ul>\n\n\n\n<p>Sollten Sie sich weigern, uns Ihre zwingend notwendigen personenbezogenen Daten oder einen Teil derselben mitzuteilen, ist dies zwar legitim, k\u00f6nnte jedoch die ordnungsgem\u00e4\u00dfe Abwicklung unseres Vertragsverh\u00e4ltnisses beeintr\u00e4chtigen.<\/p>\n\n\n\n<p>Die von uns erhobenen personenbezogenen Daten werden bis zum Ablauf der gesetzlichen Aufbewahrungspflicht gespeichert und danach gel\u00f6scht. Es sei denn, dass wir nach Art. 6 Abs. 1 S. 1 lit. c DSGVO aufgrund von steuer- und handelsrechtlichen Aufbewahrungs- und Dokumentationspflichten zu einer l\u00e4ngeren Speicherung verpflichtet sind oder Sie in eine dar\u00fcber hinausgehende Speicherung nach Art. 6 Abs. 1 S. 1 lit. a DSGVO eingewilligt haben.<\/p>\n\n\n\n<h3 class=\"wp-block-heading\">Weitergabe von Daten<\/h3>\n\n\n\n<p>Eine \u00dcbermittlung Ihrer personenbezogener Daten an Dritte zu anderen als den oben aufgef\u00fchrten Zwecken findet nicht statt. Wir geben Ihre personenbezogenen Daten nur an Dritte weiter, wenn:<\/p>\n\n\n\n<ul class=\"wp-block-list\">\n<li>Sie Ihre ausdr\u00fcckliche Einwilligung dazu erteilt haben (Art. 6 Abs. 1 lit. a DSGVO)<\/li>\n\n\n\n<li>die Weitergabe zur Geltendmachung, Aus\u00fcbung oder Verteidigung von Rechtsanspr\u00fcchen erforderlich ist und kein Grund zur Annahme besteht, dass Sie ein \u00fcberwiegendes schutzw\u00fcrdiges Interesse an der Nichtweitergabe Ihrer Daten haben (Art. 6 Abs. 1 S. 1 lit. f DSGVO)<\/li>\n\n\n\n<li>eine gesetzliche Verpflichtung besteht (Art. 6 Abs. 1 S. 1 lit. c DSGVO)<\/li>\n\n\n\n<li>dies gesetzlich zul\u00e4ssig und f\u00fcr die Abwicklung von Vertragsverh\u00e4ltnissen mit Ihnen erforderlich ist (Art. 6 Abs. 1 S. 1 lit. b DSGVO)<\/li>\n<\/ul>\n\n\n\n<p>Folgende Personen oder Gruppen k\u00f6nnen Kenntnis \u00fcber Ihre personenbezogenen Daten erlangen bzw. folgende Personen oder Gruppen von Personen k\u00f6nnen Ihre personenbezogenen Daten mitgeteilt werden:<\/p>\n\n\n\n<ul class=\"wp-block-list\">\n<li>Externe Dienstleister unseres Unternehmens, wie Steuerberater, Speditionen, Monteure, u.a.<\/li>\n\n\n\n<li>Gerichts- oder Aufsichtsbeh\u00f6rden, Verwaltungen, K\u00f6rperschaften und \u00f6ffentliche Eirnichtungen sowie juristische Personen. Ausschlie\u00dflich zum Zwecke der Erf\u00fcllung von Verpflichtungen, die von gesetzlichen, verordnungsrechtlichen oder gemeinschaftsrechtlichen Bestimmungen vorgeschrieben werden.<\/li>\n<\/ul>\n\n\n\n<p>Zur Vertragserf\u00fcllung und zur Erf\u00fcllung gesetzlicher Anforderungen k\u00f6nnen Ihre Daten auch an ausl\u00e4ndische Beh\u00f6rden oder Dienstleister (z.B. Steuerberater) weitergeleitet werden.<\/p>\n\n\n\n<h3 class=\"wp-block-heading\">Navigationsdaten im Rahmen unseres Internet-Informationsdienstes<\/h3>\n\n\n\n<p>Beim Aufrufen unserer Website www.casa.fontagusta.eu werden durch den auf Ihrem Endger\u00e4t zum Einsatz kommenden Browser automatisch Informationen an den Server unserer Website gesendet. Diese Informationen werden tempor\u00e4r in einem sogenannten Logfile gespeichert. Folgende Informationen werden dabei ohne Ihr Zutun erfasst und bis zur automatischen L\u00f6schung gespeichert:<\/p>\n\n\n\n<ul class=\"wp-block-list\">\n<li>IP-Adresse des anfragenden Rechners<\/li>\n\n\n\n<li>Datum und Uhrzeit des Zugriffs<\/li>\n\n\n\n<li>Name und URL der abgerufenen Datei<\/li>\n\n\n\n<li>Website, von der aus der Zugriff erfolgt (Referrer-URL)<\/li>\n\n\n\n<li>Verwendeter Browser und ggf. das Betriebssyste Ihres Rechners sowie der Name Ihres Access-Providers<\/li>\n<\/ul>\n\n\n\n<p>Die genannten Daten werden nur f\u00fcr Zwecke der Sammlung anonymer statistischer Informationen bei der Benutzung der Website und der \u00dcberpr\u00fcfung von deren korrekter Funktion verwendet. Die betreffenden Daten k\u00f6nnen zur Feststellung einer Haftung im Fall von Straftaten mit Mitteln der Informationstechnik zum Schaden unserer Website benutzt werden. In keinem Fall verwenden wir die erhobenen Daten zu dem Zweck, R\u00fcckschl\u00fcsse auf Ihre Person zu ziehen.<\/p>\n\n\n\n<h3 class=\"wp-block-heading\">Verarbeitung personenbezogener Daten durch Cookies<\/h3>\n\n\n\n<p>Wir setzen auf unserer Seite Cookies ein. Hierbei handelt es sich um kleine Dateien, die Ihr Browser automatisch erstellt und die auf Ihrem Endger\u00e4t gespeichert werden, wenn Sie unsere Seite besuchen. Cookies richten auf Ihrem Endger\u00e4t keinen Schaden an, enthalten keine Viren, Trojaner oder sonstige Schadsoftware. In dem Cookie werden Informationen abgelegt, die sich jeweils im Zusammenhang mit dem spezifisch eingsetzten Endger\u00e4t ergeben. Dies bedeutet jedoch nicht, dass wir dadurch unmittelbar Kenntnis von Ihrer Identit\u00e4t erhalten. Der Einsatz von Cookies dient einerseits dazu, die Nutzung unseres Angebots f\u00fcr Sie angenehmer zu gestalten. Andererseits setzen wir Cookies ein, um die Nutzung unserer Website statistisch zu erfassen und zum Zwecke der Optimierung unseres Angebotes f\u00fcr Sie auszuwerten. Diese Cookies erm\u00f6glichen es uns, bei einem erneuten Besuch auf unserer Seite automatisch zu erkennen, dass Sie bereits bei uns waren. Diese Cookies werden nach einer jeweils definierten Zeit automatisch gel\u00f6scht.<br>Die durch Cookies verarbeiteten Daten sind f\u00fcr die genannten Zwecke zur Wahrung unserer berechtigten Interessen, sowie der Dritter nach Art. 6 Abs. 1 S. 1 lit. f DSGVO erforderlich. Die meisten Browser akzeptieren Cookies automatisch. Sie k\u00f6nnen Ihren Browser jedoch so konfigurieren, dass keine Cookies auf Ihrem Endger\u00e4t gespeichert werden oder stest ein Hinweis erscheint, bevor ein neuer Cookie angelegt wird. Die vollst\u00e4ndige Deaktivierung von Cookies kann jedoch dazu f\u00fchren, dass Sie nicht alle Funktionen unserer Website nutzen k\u00f6nnen.<\/p>\n\n\n\n<h3 class=\"wp-block-heading\">Trackingtools<\/h3>\n\n\n\n<p>Die im Folgenden aufgef\u00fchrten und von uns eingesetzten Tracking-Ma\u00dfnahmen werden auf Grundlage des Art. 6 Abs. 1 S. 1 lit. f DSGVO durchgef\u00fchrt. Mit den zum Einsatz kommenden Tracking-Ma\u00dfnahmen wollen wir eine bedarfsgerechte Gestaltung und die fortlaufende Optimierung unserer Website sicherstellen. Desweiteren setzen wir die Tracking-Ma\u00dfnahmen ein, um die Nutzung unserer Website statistisch zu erfassen und zum Zwecke der Optimierung unseres Angebots f\u00fcr Sie auszuwerten. Diese Interessen sind als berechtigt im Sinne der vorgenannten Vorschrift anzusehen. Zum Zwecke der bedarfsgerechten Gestaltung und fortlaufenden Optimierung unserer Seite nutzen wir Google Analytics, ein Werbeanalytedienst der Google LLC (https:\/\/about.google\/intl\/de\/) (1600 Amphitheatre Parkway, Mountain View, CA 94043, USA; im Folgenden &#8220;Google&#8221;). In diesem Zusammenhang werden pseudonymisierte Nutzungsprofile erstellt und Cookies verwendet. Die durch die Cookies erzeugten Informationen \u00fcber Ihre Nutzung dieser Website, wie:<\/p>\n\n\n\n<ul class=\"wp-block-list\">\n<li>Browser-Typ\/-Version<\/li>\n\n\n\n<li>verwendetes Betriebssystem<\/li>\n\n\n\n<li>Referrer-URL (die zuvor besuchte Seite)<\/li>\n\n\n\n<li>Hostname des zugreifenden Rechners (IP-Adresse)<\/li>\n\n\n\n<li>Uhrzeit der Serveranfrage<\/li>\n<\/ul>\n\n\n\n<p>werden an einen Server von Google in den USA \u00fcbertragen und dort gespeichert. Die Informationen werden verwendet, um die Nutzung der Website auszuwerten, Reports \u00fcber die Websiteaktivit\u00e4ten zusammenzustellen und um weitere mit der Websitenutzung und der Internetnutzung verbundene Dienstleistungen zu Zwecken der Marktforschung und bedarfsgerechten Gestaltung der Internetseiten zu erbringen. Auch werden diese Informationen gegebenenfalls an Dritte \u00fcbertragen, sofern dies gesetzlich vorgeschrieben ist oder soweit Dritte diese Daten im Auftrag verarbeiten. Es wird in keinem Fall Ihre IP-Adresse mit anderen Daten von Google zusammengef\u00fchrt. Die IP-Adressen werden anonymisiert, so dass eine Zuordnung nicht m\u00f6glich ist (IP-Masking). Weitere Informationen zum Datenschutz und m\u00f6glichen Einstellungen im Zusammenhang mit Google Analytics finden Sie in der Google-Analytics-Hilfe (https:\/\/support.google.com\/analytics).<\/p>\n\n\n\n<h3 class=\"wp-block-heading\">Betroffenenrecht<\/h3>\n\n\n\n<p>Sie haben das Recht auf:<\/p>\n\n\n\n<ul class=\"wp-block-list\">\n<li>Auskunft \u00fcber Ihre von uns verarbeiteten personenbezogenen Daten (Art. 15 DSGVO).<\/li>\n\n\n\n<li>Berichtigung unrichtiger oder Vervollst\u00e4ndigung Ihrer bei uns gespeicherten personenbezogenen Daten (Art. 16 DSGVO).<\/li>\n\n\n\n<li>L\u00f6schung Ihrer bei uns gespeicherten personenbezogenen Daten, soweit nicht die Verarbeitung zur Aus\u00fcbung des Rechts auf freie Meinungs\u00e4u\u00dferung und Information, zur Erf\u00fcllung einer rechtlichen Verpflichtung, aus Gr\u00fcnden des \u00f6ffentlichen Interesses oder zur Geltendmachung, Aus\u00fcbung oder Verteidigung von Rechtsanspr\u00fcchen erforderlich ist (Art. 17 DSGVO).<\/li>\n\n\n\n<li>Einschr\u00e4nkung der Verarbeitung Ihrer personenbezogenen Daten (Art. 18 DSGVO), soweit die Richtigkeit der Daten von Ihnen bestritten wird, die Verarbeitung unrechtm\u00e4\u00dfig ist, Sie aber deren L\u00f6schung ablehnen und wir die Daten nicht mehr ben\u00f6tigen, Sie jedoch diese zur Geltendmachung, Aus\u00fcbung, Verteidigung von Rechtsanspr\u00fcchen ben\u00f6tigen oder Sie nach Art. 21 DSGVO Widerspruch gegen die Verarbeitung eingelegt haben.<\/li>\n\n\n\n<li>Erhaltung Ihrer personenbezogener Daten, die Sie uns bereit gestellt haben, in einem strukturierten, g\u00e4ngigen und maschinenlesbaren Format bzw. auf \u00dcbermittlung Ihrer personenbezogenen Daten an einen anderen Verantwortlichen (Art. 20 DSGVO).<\/li>\n\n\n\n<li>Widerruf Ihrer einmal erteilten Einwilligung (ARt. 7 Abs. 3 DSGVO). Dies hat zur Folge, dass wir die Datenverarbeitung, die auf dieser Einwilligung beruhte, f\u00fcr die Zukunft nicht mehr fortf\u00fchren d\u00fcrfen.<\/li>\n\n\n\n<li>Beschwerde bei einer Aufsichtsbeh\u00f6rde (Art. 77 DSGVO).<\/li>\n<\/ul>\n\n\n\n<h3 class=\"wp-block-heading\">Widerspruchsrecht<\/h3>\n\n\n\n<p>Sofern Ihre personenbeszogenen Daten auf Grundlafe berechtigter Interessen (nach Art. 6 Abs. 1 S. 1 lit. f DSGVO) verarbeitet werden, haben Sie das Recht Widerspruch gegen die Verarbeitung Ihrer personenbezogenen Daten einzulegen, soweit daf\u00fcr Gr\u00fcnde vorliegen, die sich aus Ihrer besonderen Situation ergeben oder sich der Widerspruch gegen Direktwerbung richtet (Art. 21 DSGVO). Im letzteren Fall haben Sie ein generelles Widerspruchsrecht, das ohne Angaben einer besonderen Situation von uns umgesetzt wird. M\u00f6chten Sie von Ihrem Widerrufs- oder Widerspruchsrecht Gebrauch machen, gen\u00fcgt eine E-Mail an casa@fontagusta.eu.<\/p>\n\n\n\n<h3 class=\"wp-block-heading\">Datensicherheit<\/h3>\n\n\n\n<p>Wir verwenden innerhalb des Website-Besuchs das verbreitete SSL-Verfahren (Secure Sockets Layer) in Verbindung mit der jeweils h\u00f6chsten Verschl\u00fcsselungsstufe, die von Ihrem Browser unterst\u00fctzt wird. Ob eine einzelne Seite unseres Internetauftritts verschl\u00fcsselt \u00fcbertragen wird, erkennen Sie an der geschlossenen Darstellung des Schl\u00fcssels- bzw. Schloss-Symbols.<br>Wir bedienen uns im \u00dcbrigen geeigneter technischer und organisatorischer Sicherheitsma\u00dfnahmen, um Ihre Daten gegen zuf\u00e4llige oder vors\u00e4tzliche Manipulationen, teilweise oder vollst\u00e4ndigen Verlust, Zerst\u00f6rung oder gegen den unbefugten Zutritt Dritter zu sch\u00fctzen. Unsere Sicherheitsma\u00dfnahmen werden entsprechend der technologischen Entwicklung fortlaufend verbessert.<\/p>\n\n\n\n<h3 class=\"wp-block-heading\">Haftungsausschluss<\/h3>\n\n\n\n<p>Die Inhalte dieser Seiten wurden mit gr\u00f6\u00dfter Sorgfalt erstellt. Wir \u00fcbernehmen jedoch keinerlei Gew\u00e4hr f\u00fcr die Aktualit\u00e4t, Richtigkeit und Vollst\u00e4ndigkeit der bereitgestellten Informationen. Dar\u00fcber hinaus ist unser Betrieb nicht f\u00fcr den Inhalt der verlinkten, externen Seiten verantwortlich.<\/p>\n\n\n\n<h3 class=\"wp-block-heading\">Urheberrecht<\/h3>\n\n\n\n<p>Die durch die Seitenbetreiber erstellten Inhalte und Werke auf diesen Seiten unterliegen dem Urheberrecht. Die Vervielf\u00e4ltigung, Bearbeitung, Verbreitung und jede Art der Verwertung au\u00dferhalb der Grenzen des Urheberrechts bed\u00fcrfen der schriftlichen Zustimmung des jeweiligen Autors bzw. Erstellers. Downloads und Kopien dieser Seiten sind nur f\u00fcr den privaten und nicht f\u00fcr den kommerziellen Gebrauch gestattet.<\/p>\n\n\n\n<h3 class=\"wp-block-heading\">Inhaber der Datenverarbeitung<\/h3>\n\n\n\n<p>Leo Graber<br>Loc. Prato della Fontana 1<br>I-25074 Lavenone (BS), Italien<br>t | +39 3200648263<br>m | casa@fontagusta.eu<\/p>\n\n\n\n<h3 class=\"wp-block-heading\">Aktualit\u00e4t und \u00c4nderung dieser Datenschutzerkl\u00e4rung<\/h3>\n\n\n\n<p>Diese Datenschutzerkl\u00e4rung ist aktuell g\u00fcltig. Durch die Weiterentwicklung unserer Website und Angebote dar\u00fcber oder aufgrund ge\u00e4nderter gesetzlicher bzw. beh\u00f6rdlicher Vorgaben kann es notwendig werden, diese Datenschutzerkl\u00e4rung zu \u00e4ndern. Die jeweils aktuelle Datenschutzerkl\u00e4rung kann jederzeit auf unserer Website unter www.casa.fontagusta.eu unter Privacy Policy von Ihnen abgerufen werden.<\/p>\n\n\n\n<p>Lavenone, 25.07.2023<\/p>\n","protected":false},"excerpt":{"rendered":"<p>Aufkl\u00e4rungsschreiben im Sinne der DSGVO 679\/2016 Im Sinne der EU Datenschutz-Grundverordnung Nr. 679\/2016 (im Folgenden &#8220;DSGVO 679\/2016&#8221;) informieren wir dar\u00fcber, dass wir personenbezogene Daten von Kunden, Lieferanten und Gesch\u00e4ftspartnern verarbeiten, die unserem Betrieb ihre Daten willentlich (pers\u00f6nlich, telefonisch, per Mail oder durch Inanspruchnahme des Kontaktformulars auf unserer Website) mitteilen, sowie von Personen, deren Daten durch Dritte (z.B. bei der Erfassung<\/p>\n<p><a class=\"more-link\" href=\"https:\/\/casa.fontagusta.eu\/en\/privacy-policy\/\">Read More<\/a><\/p>\n","protected":false},"author":1,"featured_media":0,"parent":0,"menu_order":0,"comment_status":"closed","ping_status":"open","template":"","meta":{"footnotes":""},"class_list":["post-3","page","type-page","status-publish","hentry"],"translation":{"provider":"WPGlobus","version":"3.0.2","language":"en","enabled_languages":["de","it","en"],"languages":{"de":{"title":true,"content":true,"excerpt":false},"it":{"title":false,"content":false,"excerpt":false},"en":{"title":false,"content":false,"excerpt":false}}},"yoast_head":"<!-- This site is optimized with the Yoast SEO plugin v27.1.1 - https:\/\/yoast.com\/product\/yoast-seo-wordpress\/ -->\n<title>Privacy Policy - Casa FontaGusta<\/title>\n<meta name=\"robots\" content=\"index, follow, max-snippet:-1, max-image-preview:large, max-video-preview:-1\" \/>\n<link rel=\"canonical\" href=\"https:\/\/casa.fontagusta.eu\/privacy-policy\/\" \/>\n<meta property=\"og:locale\" content=\"en_US\" \/>\n<meta property=\"og:type\" content=\"article\" \/>\n<meta property=\"og:title\" content=\"Privacy Policy - Casa FontaGusta\" \/>\n<meta property=\"og:url\" content=\"https:\/\/casa.fontagusta.eu\/privacy-policy\/\" \/>\n<meta property=\"og:site_name\" content=\"Casa FontaGusta\" \/>\n<meta property=\"article:publisher\" content=\"https:\/\/www.facebook.com\/profile.php?id=100095048316272\" \/>\n<meta property=\"article:modified_time\" content=\"2023-07-25T09:07:49+00:00\" \/>\n<meta name=\"twitter:card\" content=\"summary_large_image\" \/>\n<meta name=\"twitter:label1\" content=\"Est. reading time\" \/>\n\t<meta name=\"twitter:data1\" content=\"10 minutes\" \/>\n<script type=\"application\/ld+json\" class=\"yoast-schema-graph\">{\"@context\":\"https:\/\/schema.org\",\"@graph\":[{\"@type\":\"WebPage\",\"@id\":\"https:\/\/casa.fontagusta.eu\/privacy-policy\/\",\"url\":\"https:\/\/casa.fontagusta.eu\/privacy-policy\/\",\"name\":\"Privacy Policy - Casa FontaGusta\",\"isPartOf\":{\"@id\":\"https:\/\/casa.fontagusta.eu\/#website\"},\"datePublished\":\"2023-05-16T15:43:56+00:00\",\"dateModified\":\"2023-07-25T09:07:49+00:00\",\"breadcrumb\":{\"@id\":\"https:\/\/casa.fontagusta.eu\/privacy-policy\/#breadcrumb\"},\"inLanguage\":\"en-US\",\"potentialAction\":[{\"@type\":\"ReadAction\",\"target\":[\"https:\/\/casa.fontagusta.eu\/privacy-policy\/\"]}]},{\"@type\":\"BreadcrumbList\",\"@id\":\"https:\/\/casa.fontagusta.eu\/privacy-policy\/#breadcrumb\",\"itemListElement\":[{\"@type\":\"ListItem\",\"position\":1,\"name\":\"Startseite\",\"item\":\"https:\/\/casa.fontagusta.eu\/\"},{\"@type\":\"ListItem\",\"position\":2,\"name\":\"Privacy Policy\"}]},{\"@type\":\"WebSite\",\"@id\":\"https:\/\/casa.fontagusta.eu\/#website\",\"url\":\"https:\/\/casa.fontagusta.eu\/\",\"name\":\"Casa FontaGusta\",\"description\":\"Arrive. Breathe. Relax\",\"publisher\":{\"@id\":\"https:\/\/casa.fontagusta.eu\/#organization\"},\"potentialAction\":[{\"@type\":\"SearchAction\",\"target\":{\"@type\":\"EntryPoint\",\"urlTemplate\":\"https:\/\/casa.fontagusta.eu\/?s={search_term_string}\"},\"query-input\":{\"@type\":\"PropertyValueSpecification\",\"valueRequired\":true,\"valueName\":\"search_term_string\"}}],\"inLanguage\":\"en-US\"},{\"@type\":\"Organization\",\"@id\":\"https:\/\/casa.fontagusta.eu\/#organization\",\"name\":\"Casa FontaGusta\",\"url\":\"https:\/\/casa.fontagusta.eu\/\",\"logo\":{\"@type\":\"ImageObject\",\"inLanguage\":\"en-US\",\"@id\":\"https:\/\/casa.fontagusta.eu\/#\/schema\/logo\/image\/\",\"url\":\"https:\/\/casa.fontagusta.eu\/wp-content\/uploads\/2023\/07\/Logo_casafontagusta.png\",\"contentUrl\":\"https:\/\/casa.fontagusta.eu\/wp-content\/uploads\/2023\/07\/Logo_casafontagusta.png\",\"width\":5547,\"height\":1112,\"caption\":\"Casa FontaGusta\"},\"image\":{\"@id\":\"https:\/\/casa.fontagusta.eu\/#\/schema\/logo\/image\/\"},\"sameAs\":[\"https:\/\/www.facebook.com\/profile.php?id=100095048316272\"]}]}<\/script>\n<!-- \/ Yoast SEO plugin. -->","yoast_head_json":{"title":"Privacy Policy - Casa FontaGusta","robots":{"index":"index","follow":"follow","max-snippet":"max-snippet:-1","max-image-preview":"max-image-preview:large","max-video-preview":"max-video-preview:-1"},"canonical":"https:\/\/casa.fontagusta.eu\/privacy-policy\/","og_locale":"en_US","og_type":"article","og_title":"Privacy Policy - Casa FontaGusta","og_url":"https:\/\/casa.fontagusta.eu\/privacy-policy\/","og_site_name":"Casa FontaGusta","article_publisher":"https:\/\/www.facebook.com\/profile.php?id=100095048316272","article_modified_time":"2023-07-25T09:07:49+00:00","twitter_card":"summary_large_image","twitter_misc":{"Est. reading time":"10 minutes"},"schema":{"@context":"https:\/\/schema.org","@graph":[{"@type":"WebPage","@id":"https:\/\/casa.fontagusta.eu\/privacy-policy\/","url":"https:\/\/casa.fontagusta.eu\/privacy-policy\/","name":"Privacy Policy - Casa FontaGusta","isPartOf":{"@id":"https:\/\/casa.fontagusta.eu\/#website"},"datePublished":"2023-05-16T15:43:56+00:00","dateModified":"2023-07-25T09:07:49+00:00","breadcrumb":{"@id":"https:\/\/casa.fontagusta.eu\/privacy-policy\/#breadcrumb"},"inLanguage":"en-US","potentialAction":[{"@type":"ReadAction","target":["https:\/\/casa.fontagusta.eu\/privacy-policy\/"]}]},{"@type":"BreadcrumbList","@id":"https:\/\/casa.fontagusta.eu\/privacy-policy\/#breadcrumb","itemListElement":[{"@type":"ListItem","position":1,"name":"Startseite","item":"https:\/\/casa.fontagusta.eu\/"},{"@type":"ListItem","position":2,"name":"Privacy Policy"}]},{"@type":"WebSite","@id":"https:\/\/casa.fontagusta.eu\/#website","url":"https:\/\/casa.fontagusta.eu\/","name":"Casa FontaGusta","description":"Arrive. Breathe. Relax","publisher":{"@id":"https:\/\/casa.fontagusta.eu\/#organization"},"potentialAction":[{"@type":"SearchAction","target":{"@type":"EntryPoint","urlTemplate":"https:\/\/casa.fontagusta.eu\/?s={search_term_string}"},"query-input":{"@type":"PropertyValueSpecification","valueRequired":true,"valueName":"search_term_string"}}],"inLanguage":"en-US"},{"@type":"Organization","@id":"https:\/\/casa.fontagusta.eu\/#organization","name":"Casa FontaGusta","url":"https:\/\/casa.fontagusta.eu\/","logo":{"@type":"ImageObject","inLanguage":"en-US","@id":"https:\/\/casa.fontagusta.eu\/#\/schema\/logo\/image\/","url":"https:\/\/casa.fontagusta.eu\/wp-content\/uploads\/2023\/07\/Logo_casafontagusta.png","contentUrl":"https:\/\/casa.fontagusta.eu\/wp-content\/uploads\/2023\/07\/Logo_casafontagusta.png","width":5547,"height":1112,"caption":"Casa FontaGusta"},"image":{"@id":"https:\/\/casa.fontagusta.eu\/#\/schema\/logo\/image\/"},"sameAs":["https:\/\/www.facebook.com\/profile.php?id=100095048316272"]}]}},"_links":{"self":[{"href":"https:\/\/casa.fontagusta.eu\/en\/wp-json\/wp\/v2\/pages\/3","targetHints":{"allow":["GET"]}}],"collection":[{"href":"https:\/\/casa.fontagusta.eu\/en\/wp-json\/wp\/v2\/pages"}],"about":[{"href":"https:\/\/casa.fontagusta.eu\/en\/wp-json\/wp\/v2\/types\/page"}],"author":[{"embeddable":true,"href":"https:\/\/casa.fontagusta.eu\/en\/wp-json\/wp\/v2\/users\/1"}],"replies":[{"embeddable":true,"href":"https:\/\/casa.fontagusta.eu\/en\/wp-json\/wp\/v2\/comments?post=3"}],"version-history":[{"count":5,"href":"https:\/\/casa.fontagusta.eu\/en\/wp-json\/wp\/v2\/pages\/3\/revisions"}],"predecessor-version":[{"id":605,"href":"https:\/\/casa.fontagusta.eu\/en\/wp-json\/wp\/v2\/pages\/3\/revisions\/605"}],"wp:attachment":[{"href":"https:\/\/casa.fontagusta.eu\/en\/wp-json\/wp\/v2\/media?parent=3"}],"curies":[{"name":"wp","href":"https:\/\/api.w.org\/{rel}","templated":true}]}}