{"id":409,"date":"2023-06-15T17:08:14","date_gmt":"2023-06-15T15:08:14","guid":{"rendered":"https:\/\/casa.fontagusta.eu\/?page_id=409"},"modified":"2026-03-12T15:15:08","modified_gmt":"2026-03-12T14:15:08","slug":"home-2","status":"publish","type":"page","link":"https:\/\/casa.fontagusta.eu\/it\/","title":{"rendered":"Home"},"content":{"rendered":"<div class=\"n2_clear\"><ss3-force-full-width data-overflow-x=\"body\" data-horizontal-selector=\"body\"><div class=\"n2-section-smartslider fitvidsignore  n2_clear\" data-ssid=\"5\"><div id=\"n2-ss-5-align\" class=\"n2-ss-align\"><div class=\"n2-padding\"><div id=\"n2-ss-5\" data-creator=\"Smart Slider 3\" data-responsive=\"fullwidth\" class=\"n2-ss-slider n2-ow n2-has-hover n2notransition  \">\n        <div class=\"n2-ss-slider-1 n2-ow\">\n            <div class=\"n2-ss-slider-2 n2-ow\">\n                <div class=\"n2-ss-slide-backgrounds n2-ow-all\"><div class=\"n2-ss-slide-background\" data-public-id=\"1\" data-mode=\"fill\"><div class=\"n2-ss-slide-background-image\" data-blur=\"0\" data-opacity=\"100\" data-x=\"50\" data-y=\"50\" data-alt=\"\" data-title=\"\"><picture class=\"skip-lazy\" data-skip-lazy=\"1\"><img decoding=\"async\" src=\"\/\/casa.fontagusta.eu\/wp-content\/uploads\/2023\/05\/casafontagusta-e-piccoli-do.jpg\" alt=\"\" title=\"\" loading=\"lazy\" class=\"skip-lazy\" data-skip-lazy=\"1\"><\/picture><\/div><div data-color=\"RGBA(255,255,255,0)\" style=\"background-color: RGBA(255,255,255,0);\" class=\"n2-ss-slide-background-color\"><\/div><\/div><\/div>                <div class=\"n2-ss-slider-3 n2-ow\">\n                    <svg xmlns=\"http:\/\/www.w3.org\/2000\/svg\" viewBox=\"0 0 1920 800\" data-related-device=\"desktopPortrait\" class=\"n2-ow n2-ss-preserve-size n2-ss-preserve-size--slider n2-ss-slide-limiter\"><\/svg><div data-first=\"1\" data-slide-duration=\"0\" data-id=\"17\" data-slide-public-id=\"1\" data-title=\"casafontagusta-e-piccoli-do\" class=\"n2-ss-slide n2-ow  n2-ss-slide-17\"><div role=\"note\" class=\"n2-ss-slide--focus\" tabindex=\"-1\">casafontagusta-e-piccoli-do<\/div><div class=\"n2-ss-layers-container n2-ss-slide-limiter n2-ow\"><div class=\"n2-ss-layer n2-ow n-uc-I6s3D7OtOrp9\" data-sstype=\"slide\" data-pm=\"default\"><\/div><\/div><\/div>                <\/div>\n                            <\/div>\n        <\/div>\n        <\/div><ss3-loader><\/ss3-loader><\/div><\/div><div class=\"n2_clear\"><\/div><\/div><\/ss3-force-full-width><\/div>\n\n\n<div style=\"height:37px\" aria-hidden=\"true\" class=\"wp-block-spacer\"><\/div>\n\n\n\n<div class=\"wp-block-columns is-layout-flex wp-container-core-columns-is-layout-9d6595d7 wp-block-columns-is-layout-flex\">\n<div class=\"wp-block-column is-layout-flow wp-block-column-is-layout-flow\">\n<figure class=\"wp-block-image size-full\"><img loading=\"lazy\" decoding=\"async\" width=\"520\" height=\"783\" src=\"https:\/\/casa.fontagusta.eu\/wp-content\/uploads\/2023\/05\/riposa-blumengruss.jpg\" alt=\"\" class=\"wp-image-395\"\/><\/figure>\n<\/div>\n\n\n\n<div class=\"wp-block-column is-layout-flow wp-block-column-is-layout-flow\">\n<h2 class=\"wp-block-heading has-text-color has-large-font-size\" style=\"color:#19662a;font-style:normal;font-weight:700\">Abitare<\/h2>\n\n\n\n<p>Casa FontaGusta &#8211; una casa in pietra italiana di oltre 100 anni circondata da prati rigogliosi e fitti boschi di castagni. Una suite per vacanze splendidamente progettati Vi invita a rilassarvi e a ricaricare le batterie. Il nostro accogliente suite han tutto ci\u00f2 di cui avete bisogno. Letti accoglienti, una cucina completamente attrezzata, una vasca da bagno, oggetti di design scelti con cura, molta luce e una splendida vista. Non c&#8217;\u00e8 la TV e nemmeno internet \u00e8 superveloce. Per questo abbiamo allestito per Voi un accogliente angolo lettura con una piccola biblioteca.<\/p>\n\n\n\n<h4 class=\"wp-block-heading has-text-color has-medium-font-size\" style=\"color:#19662a\"><a href=\"https:\/\/casa.fontagusta.eu\/it\/wohnen\/\">Abitare<\/a><\/h4>\n<\/div>\n<\/div>\n\n\n<div class=\"n2_clear\"><ss3-force-full-width data-overflow-x=\"body\" data-horizontal-selector=\"body\"><div class=\"n2-section-smartslider fitvidsignore  n2_clear\" data-ssid=\"2\"><div id=\"n2-ss-2-align\" class=\"n2-ss-align\"><div class=\"n2-padding\"><div id=\"n2-ss-2\" data-creator=\"Smart Slider 3\" data-responsive=\"fullwidth\" class=\"n2-ss-slider n2-ow n2-has-hover n2notransition  \"><div class=\"n2-ss-slider-wrapper-inside\">\n        <div class=\"n2-ss-slider-1 n2_ss__touch_element n2-ow\">\n            <div class=\"n2-ss-slider-2 n2-ow\">\n                                                <div class=\"n2-ss-slider-3 n2-ow\">\n\n                    <div class=\"n2-ss-slide-backgrounds n2-ow-all\"><div class=\"n2-ss-slide-background\" data-public-id=\"1\" data-mode=\"fill\"><div class=\"n2-ss-slide-background-image\" data-blur=\"0\" data-opacity=\"100\" data-x=\"50\" data-y=\"50\" data-alt=\"\" data-title=\"\"><picture class=\"skip-lazy\" data-skip-lazy=\"1\"><img decoding=\"async\" src=\"\/\/casa.fontagusta.eu\/wp-content\/uploads\/2023\/05\/slider-home-herbst.jpg\" alt=\"\" title=\"\" loading=\"lazy\" class=\"skip-lazy\" data-skip-lazy=\"1\"><\/picture><\/div><div data-color=\"RGBA(255,255,255,0)\" style=\"background-color: RGBA(255,255,255,0);\" class=\"n2-ss-slide-background-color\"><\/div><\/div><div class=\"n2-ss-slide-background\" data-public-id=\"2\" data-mode=\"fill\" aria-hidden=\"true\"><div class=\"n2-ss-slide-background-image\" data-blur=\"0\" data-opacity=\"100\" data-x=\"50\" data-y=\"50\" data-alt=\"\" data-title=\"\"><picture class=\"skip-lazy\" data-skip-lazy=\"1\"><img decoding=\"async\" src=\"\/\/casa.fontagusta.eu\/wp-content\/uploads\/2023\/05\/slider-eidechse.jpg\" alt=\"\" title=\"\" loading=\"lazy\" class=\"skip-lazy\" data-skip-lazy=\"1\"><\/picture><\/div><div data-color=\"RGBA(255,255,255,0)\" style=\"background-color: RGBA(255,255,255,0);\" class=\"n2-ss-slide-background-color\"><\/div><\/div><\/div>                    <div class=\"n2-ss-slider-4 n2-ow\">\n                        <svg xmlns=\"http:\/\/www.w3.org\/2000\/svg\" viewBox=\"0 0 1920 600\" data-related-device=\"desktopPortrait\" class=\"n2-ow n2-ss-preserve-size n2-ss-preserve-size--slider n2-ss-slide-limiter\"><\/svg><div data-first=\"1\" data-slide-duration=\"0\" data-id=\"3\" data-slide-public-id=\"1\" data-title=\"slider-home-herbst\" class=\"n2-ss-slide n2-ow  n2-ss-slide-3\"><div role=\"note\" class=\"n2-ss-slide--focus\" tabindex=\"-1\">slider-home-herbst<\/div><div class=\"n2-ss-layers-container n2-ss-slide-limiter n2-ow\"><div class=\"n2-ss-layer n2-ow n-uc-wBIeNgdnHlRr\" data-sstype=\"slide\" data-pm=\"default\"><\/div><\/div><\/div><div data-slide-duration=\"0\" data-id=\"4\" data-slide-public-id=\"2\" aria-hidden=\"true\" data-title=\"slider-eidechse\" class=\"n2-ss-slide n2-ow  n2-ss-slide-4\"><div role=\"note\" class=\"n2-ss-slide--focus\" tabindex=\"-1\">slider-eidechse<\/div><div class=\"n2-ss-layers-container n2-ss-slide-limiter n2-ow\"><div class=\"n2-ss-layer n2-ow n-uc-sLOaoXI0XHLi\" data-sstype=\"slide\" data-pm=\"default\"><\/div><\/div><\/div>                    <\/div>\n\n                                    <\/div>\n            <\/div>\n        <\/div>\n        <div class=\"n2-ss-slider-controls n2-ss-slider-controls-absolute-left-center\"><div style=\"--widget-offset:15px;\" class=\"n2-ss-widget nextend-arrow n2-ow-all nextend-arrow-previous  nextend-arrow-animated-fade\" data-hide-mobileportrait=\"1\" id=\"n2-ss-2-arrow-previous\" role=\"button\" aria-label=\"previous arrow\" tabindex=\"0\"><img loading=\"lazy\" decoding=\"async\" width=\"32\" height=\"32\" class=\"skip-lazy\" data-skip-lazy=\"1\" src=\"data:image\/svg+xml;base64,PHN2ZyB3aWR0aD0iMzIiIGhlaWdodD0iMzIiIHZpZXdCb3g9IjAgMCAzMiAzMiIgeG1sbnM9Imh0dHA6Ly93d3cudzMub3JnLzIwMDAvc3ZnIj4KICAgIDxwYXRoIGQ9Ik0xMS40MzMgMTUuOTkyTDIyLjY5IDUuNzEyYy4zOTMtLjM5LjM5My0xLjAzIDAtMS40Mi0uMzkzLS4zOS0xLjAzLS4zOS0xLjQyMyAwbC0xMS45OCAxMC45NGMtLjIxLjIxLS4zLjQ5LS4yODUuNzYtLjAxNS4yOC4wNzUuNTYuMjg0Ljc3bDExLjk4IDEwLjk0Yy4zOTMuMzkgMS4wMy4zOSAxLjQyNCAwIC4zOTMtLjQuMzkzLTEuMDMgMC0xLjQybC0xMS4yNTctMTAuMjkiCiAgICAgICAgICBmaWxsPSIjZmZmZmZmIiBvcGFjaXR5PSIwLjgiIGZpbGwtcnVsZT0iZXZlbm9kZCIvPgo8L3N2Zz4=\" alt=\"previous arrow\"><\/div><\/div><div class=\"n2-ss-slider-controls n2-ss-slider-controls-absolute-right-center\"><div style=\"--widget-offset:15px;\" class=\"n2-ss-widget nextend-arrow n2-ow-all nextend-arrow-next  nextend-arrow-animated-fade\" data-hide-mobileportrait=\"1\" id=\"n2-ss-2-arrow-next\" role=\"button\" aria-label=\"next arrow\" tabindex=\"0\"><img loading=\"lazy\" decoding=\"async\" width=\"32\" height=\"32\" class=\"skip-lazy\" data-skip-lazy=\"1\" src=\"data:image\/svg+xml;base64,PHN2ZyB3aWR0aD0iMzIiIGhlaWdodD0iMzIiIHZpZXdCb3g9IjAgMCAzMiAzMiIgeG1sbnM9Imh0dHA6Ly93d3cudzMub3JnLzIwMDAvc3ZnIj4KICAgIDxwYXRoIGQ9Ik0xMC43MjIgNC4yOTNjLS4zOTQtLjM5LTEuMDMyLS4zOS0xLjQyNyAwLS4zOTMuMzktLjM5MyAxLjAzIDAgMS40MmwxMS4yODMgMTAuMjgtMTEuMjgzIDEwLjI5Yy0uMzkzLjM5LS4zOTMgMS4wMiAwIDEuNDIuMzk1LjM5IDEuMDMzLjM5IDEuNDI3IDBsMTIuMDA3LTEwLjk0Yy4yMS0uMjEuMy0uNDkuMjg0LS43Ny4wMTQtLjI3LS4wNzYtLjU1LS4yODYtLjc2TDEwLjcyIDQuMjkzeiIKICAgICAgICAgIGZpbGw9IiNmZmZmZmYiIG9wYWNpdHk9IjAuOCIgZmlsbC1ydWxlPSJldmVub2RkIi8+Cjwvc3ZnPg==\" alt=\"next arrow\"><\/div><\/div><\/div><\/div><ss3-loader><\/ss3-loader><\/div><\/div><div class=\"n2_clear\"><\/div><\/div><\/ss3-force-full-width><\/div>\n\n\n<div style=\"height:37px\" aria-hidden=\"true\" class=\"wp-block-spacer\"><\/div>\n\n\n\n<div class=\"wp-block-columns is-layout-flex wp-container-core-columns-is-layout-9d6595d7 wp-block-columns-is-layout-flex\">\n<div class=\"wp-block-column is-layout-flow wp-block-column-is-layout-flow\">\n<h2 class=\"wp-block-heading has-text-color has-large-font-size\" style=\"color:#19662a;font-style:normal;font-weight:700\">Casa &amp; Fattoria<\/h2>\n\n\n\n<p>Alberi da frutto, orto e giardino di erbe aromatiche, prati colorati. Pecore, galline, gatti, cani, lucertole, farfalle, libellule, tritoni di stagno, pipistrelli. Arrivare. Respirare profondamente. Esperienza. A seconda della stagione, si possono osservare e scoprire diversi animali e piante. Dentro e intorno allo stagno o durante una passeggiata nei boschi di castagni. Erbe, verdure e frutta fresca di campo possono essere acquistate nel negozio della fattoria<\/p>\n\n\n\n<h4 class=\"wp-block-heading has-text-color has-medium-font-size\" style=\"color:#19662a\"><a href=\"https:\/\/casa.fontagusta.eu\/it\/fattoria\/\">Casa &amp; Fattoria<\/a><\/h4>\n<\/div>\n\n\n\n<div class=\"wp-block-column is-layout-flow wp-block-column-is-layout-flow\">\n<figure class=\"wp-block-image size-full\"><img loading=\"lazy\" decoding=\"async\" width=\"520\" height=\"390\" src=\"https:\/\/casa.fontagusta.eu\/wp-content\/uploads\/2023\/05\/impressionen-schafe.jpg\" alt=\"\" class=\"wp-image-393\" srcset=\"https:\/\/casa.fontagusta.eu\/wp-content\/uploads\/2023\/05\/impressionen-schafe.jpg 520w, https:\/\/casa.fontagusta.eu\/wp-content\/uploads\/2023\/05\/impressionen-schafe-300x225.jpg 300w, https:\/\/casa.fontagusta.eu\/wp-content\/uploads\/2023\/05\/impressionen-schafe-400x300.jpg 400w\" sizes=\"auto, (max-width: 520px) 100vw, 520px\" \/><\/figure>\n<\/div>\n<\/div>\n\n\n\n<div style=\"height:37px\" aria-hidden=\"true\" class=\"wp-block-spacer\"><\/div>\n\n\n\n<div class=\"wp-block-columns is-layout-flex wp-container-core-columns-is-layout-9d6595d7 wp-block-columns-is-layout-flex\">\n<div class=\"wp-block-column is-layout-flow wp-block-column-is-layout-flow\">\n<figure class=\"wp-block-image size-full\"><img loading=\"lazy\" decoding=\"async\" width=\"520\" height=\"693\" src=\"https:\/\/casa.fontagusta.eu\/wp-content\/uploads\/2023\/05\/home-lago-di-idro.jpg\" alt=\"\" class=\"wp-image-390\" srcset=\"https:\/\/casa.fontagusta.eu\/wp-content\/uploads\/2023\/05\/home-lago-di-idro.jpg 520w, https:\/\/casa.fontagusta.eu\/wp-content\/uploads\/2023\/05\/home-lago-di-idro-225x300.jpg 225w\" sizes=\"auto, (max-width: 520px) 100vw, 520px\" \/><\/figure>\n<\/div>\n\n\n\n<div class=\"wp-block-column is-layout-flow wp-block-column-is-layout-flow\">\n<h2 class=\"wp-block-heading has-text-color has-large-font-size\" style=\"color:#19662a;font-style:normal;font-weight:700\">Esperienza<\/h2>\n\n\n\n<p>La Casa FontaGusta si trova vicino al Lago di Garda, ma lontano dal turismo eccessivo. Al centro della Valle Sabbia, vicino al pittoresco Lago d&#8217;Idro. Tra boschi di castagni, un&#8217;oasi verde con tanto sole e una vista senza ostacoli sulle Piccole Dolomiti. Il cielo stellato notturno \u00e8 meraviglioso, cos\u00ec come la possibilit\u00e0 di fare passeggiate al chiaro di luna, non solo durante la luna piena. Ogni stagione ha il suo fascino e invita a esplorare i dintorni in modi diversi. Passeggiate tranquille in primavera e in autunno, bagni nel lago d&#8217;Idro e\/o nel lago di Garda in estate, sci o il silenzio invernale del lago d&#8217;Idro. Esplorazioni storiche nella Rocca d&#8217;Anfo o in Val Trompia o visite culturali a Brescia e dintorni. Arrivare e staccare la spina o arrivare e sperimentare: tutto \u00e8 possibile.<\/p>\n\n\n\n<h4 class=\"wp-block-heading has-text-color has-medium-font-size\" style=\"color:#19662a\"><a href=\"https:\/\/casa.fontagusta.eu\/it\/esperienza\/\">Esperienza<\/a><\/h4>\n<\/div>\n<\/div>\n\n\n\n<div style=\"height:37px\" aria-hidden=\"true\" class=\"wp-block-spacer\"><\/div>\n\n\n<div class=\"n2_clear\"><ss3-force-full-width data-overflow-x=\"body\" data-horizontal-selector=\"body\"><div class=\"n2-section-smartslider fitvidsignore  n2_clear\" data-ssid=\"6\"><div id=\"n2-ss-6-align\" class=\"n2-ss-align\"><div class=\"n2-padding\"><div id=\"n2-ss-6\" data-creator=\"Smart Slider 3\" data-responsive=\"fullwidth\" class=\"n2-ss-slider n2-ow n2-has-hover n2notransition  \">\n        <div class=\"n2-ss-slider-1 n2-ow\">\n            <div class=\"n2-ss-slider-2 n2-ow\">\n                <div class=\"n2-ss-slide-backgrounds n2-ow-all\"><div class=\"n2-ss-slide-background\" data-public-id=\"1\" data-mode=\"fill\"><div class=\"n2-ss-slide-background-image\" data-blur=\"0\" data-opacity=\"100\" data-x=\"50\" data-y=\"50\" data-alt=\"\" data-title=\"\"><picture class=\"skip-lazy\" data-skip-lazy=\"1\"><img decoding=\"async\" src=\"\/\/casa.fontagusta.eu\/wp-content\/uploads\/2023\/05\/casafontagusta-panorama.jpg\" alt=\"\" title=\"\" loading=\"lazy\" class=\"skip-lazy\" data-skip-lazy=\"1\"><\/picture><\/div><div data-color=\"RGBA(255,255,255,0)\" style=\"background-color: RGBA(255,255,255,0);\" class=\"n2-ss-slide-background-color\"><\/div><\/div><\/div>                <div class=\"n2-ss-slider-3 n2-ow\">\n                    <svg xmlns=\"http:\/\/www.w3.org\/2000\/svg\" viewBox=\"0 0 1920 200\" data-related-device=\"desktopPortrait\" class=\"n2-ow n2-ss-preserve-size n2-ss-preserve-size--slider n2-ss-slide-limiter\"><\/svg><div data-first=\"1\" data-slide-duration=\"0\" data-id=\"18\" data-slide-public-id=\"1\" data-title=\"casafontagusta-panorama\" class=\"n2-ss-slide n2-ow  n2-ss-slide-18\"><div role=\"note\" class=\"n2-ss-slide--focus\" tabindex=\"-1\">casafontagusta-panorama<\/div><div class=\"n2-ss-layers-container n2-ss-slide-limiter n2-ow\"><div class=\"n2-ss-layer n2-ow n-uc-5JpoE2oJ4goE\" data-sstype=\"slide\" data-pm=\"default\"><\/div><\/div><\/div>                <\/div>\n                            <\/div>\n        <\/div>\n        <\/div><ss3-loader><\/ss3-loader><\/div><\/div><div class=\"n2_clear\"><\/div><\/div><\/ss3-force-full-width><\/div>","protected":false},"excerpt":{"rendered":"<p>Abitare Casa FontaGusta &#8211; una casa in pietra italiana di oltre 100 anni circondata da prati rigogliosi e fitti boschi di castagni. Una suite per vacanze splendidamente progettati Vi invita a rilassarvi e a ricaricare le batterie. Il nostro accogliente suite han tutto ci\u00f2 di cui avete bisogno. Letti accoglienti, una cucina completamente attrezzata, una vasca da bagno, oggetti di<\/p>\n<p><a class=\"more-link\" href=\"https:\/\/casa.fontagusta.eu\/it\/\">Read More<\/a><\/p>\n","protected":false},"author":1,"featured_media":0,"parent":0,"menu_order":0,"comment_status":"closed","ping_status":"closed","template":"","meta":{"footnotes":""},"class_list":["post-409","page","type-page","status-publish","hentry"],"translation":{"provider":"WPGlobus","version":"3.0.2","language":"it","enabled_languages":["de","it","en"],"languages":{"de":{"title":true,"content":true,"excerpt":false},"it":{"title":true,"content":true,"excerpt":false},"en":{"title":false,"content":true,"excerpt":false}}},"yoast_head":"<!-- This site is optimized with the Yoast SEO plugin v27.1.1 - https:\/\/yoast.com\/product\/yoast-seo-wordpress\/ -->\n<title>Casa FontaGusta - Arrivare. Respirare. Rilassare<\/title>\n<meta name=\"description\" content=\"La Casa FontaGusta si trova vicino al Lago di Garda, ma lontano dall&#039;eccessivo turismo, nel cuore della Valle Sabbia.\" \/>\n<meta name=\"robots\" content=\"index, follow, max-snippet:-1, max-image-preview:large, max-video-preview:-1\" \/>\n<link rel=\"canonical\" href=\"https:\/\/casa.fontagusta.eu\/\" \/>\n<meta property=\"og:locale\" content=\"it_IT\" \/>\n<meta property=\"og:type\" content=\"article\" \/>\n<meta property=\"og:title\" content=\"Casa FontaGusta - Arrivare. Respirare. Rilassare\" \/>\n<meta property=\"og:description\" content=\"La Casa FontaGusta si trova vicino al Lago di Garda, ma lontano dall&#039;eccessivo turismo, nel cuore della Valle Sabbia.\" \/>\n<meta property=\"og:url\" content=\"https:\/\/casa.fontagusta.eu\/\" \/>\n<meta property=\"og:site_name\" content=\"Casa FontaGusta\" \/>\n<meta property=\"article:publisher\" content=\"https:\/\/www.facebook.com\/profile.php?id=100095048316272\" \/>\n<meta property=\"article:modified_time\" content=\"2026-03-12T14:15:08+00:00\" \/>\n<meta property=\"og:image\" content=\"https:\/\/casa.fontagusta.eu\/wp-content\/uploads\/2023\/05\/riposa-blumengruss.jpg\" \/>\n<meta name=\"twitter:card\" content=\"summary_large_image\" \/>\n<meta name=\"twitter:label1\" content=\"Est. reading time\" \/>\n\t<meta name=\"twitter:data1\" content=\"3 minutes\" \/>\n<script type=\"application\/ld+json\" class=\"yoast-schema-graph\">{\"@context\":\"https:\/\/schema.org\",\"@graph\":[{\"@type\":\"WebPage\",\"@id\":\"https:\/\/casa.fontagusta.eu\/\",\"url\":\"https:\/\/casa.fontagusta.eu\/\",\"name\":\"Casa FontaGusta - Arrive. Breathe. Relax.\",\"isPartOf\":{\"@id\":\"https:\/\/casa.fontagusta.eu\/#website\"},\"primaryImageOfPage\":{\"@id\":\"https:\/\/casa.fontagusta.eu\/#primaryimage\"},\"image\":{\"@id\":\"https:\/\/casa.fontagusta.eu\/#primaryimage\"},\"thumbnailUrl\":\"https:\/\/casa.fontagusta.eu\/wp-content\/uploads\/2023\/05\/riposa-blumengruss.jpg\",\"datePublished\":\"2023-06-15T15:08:14+00:00\",\"dateModified\":\"2026-03-12T14:15:08+00:00\",\"description\":\"Casa FontaGusta is located close to Lake Garda and yet away from the overtourism in the middle of Valle Sabbia.\",\"breadcrumb\":{\"@id\":\"https:\/\/casa.fontagusta.eu\/#breadcrumb\"},\"inLanguage\":\"it-IT\",\"potentialAction\":[{\"@type\":\"ReadAction\",\"target\":[\"https:\/\/casa.fontagusta.eu\/\"]}]},{\"@type\":\"ImageObject\",\"inLanguage\":\"it-IT\",\"@id\":\"https:\/\/casa.fontagusta.eu\/#primaryimage\",\"url\":\"https:\/\/casa.fontagusta.eu\/wp-content\/uploads\/2023\/05\/riposa-blumengruss.jpg\",\"contentUrl\":\"https:\/\/casa.fontagusta.eu\/wp-content\/uploads\/2023\/05\/riposa-blumengruss.jpg\"},{\"@type\":\"BreadcrumbList\",\"@id\":\"https:\/\/casa.fontagusta.eu\/#breadcrumb\",\"itemListElement\":[{\"@type\":\"ListItem\",\"position\":1,\"name\":\"Startseite\",\"item\":\"https:\/\/casa.fontagusta.eu\/\"},{\"@type\":\"ListItem\",\"position\":2,\"name\":\"Home\"}]},{\"@type\":\"WebSite\",\"@id\":\"https:\/\/casa.fontagusta.eu\/#website\",\"url\":\"https:\/\/casa.fontagusta.eu\/\",\"name\":\"Casa FontaGusta\",\"description\":\"Arrivare. Respirare. Rilassare\",\"publisher\":{\"@id\":\"https:\/\/casa.fontagusta.eu\/#organization\"},\"potentialAction\":[{\"@type\":\"SearchAction\",\"target\":{\"@type\":\"EntryPoint\",\"urlTemplate\":\"https:\/\/casa.fontagusta.eu\/?s={search_term_string}\"},\"query-input\":{\"@type\":\"PropertyValueSpecification\",\"valueRequired\":true,\"valueName\":\"search_term_string\"}}],\"inLanguage\":\"it-IT\"},{\"@type\":\"Organization\",\"@id\":\"https:\/\/casa.fontagusta.eu\/#organization\",\"name\":\"Casa FontaGusta\",\"url\":\"https:\/\/casa.fontagusta.eu\/\",\"logo\":{\"@type\":\"ImageObject\",\"inLanguage\":\"it-IT\",\"@id\":\"https:\/\/casa.fontagusta.eu\/#\/schema\/logo\/image\/\",\"url\":\"https:\/\/casa.fontagusta.eu\/wp-content\/uploads\/2023\/07\/Logo_casafontagusta.png\",\"contentUrl\":\"https:\/\/casa.fontagusta.eu\/wp-content\/uploads\/2023\/07\/Logo_casafontagusta.png\",\"width\":5547,\"height\":1112,\"caption\":\"Casa FontaGusta\"},\"image\":{\"@id\":\"https:\/\/casa.fontagusta.eu\/#\/schema\/logo\/image\/\"},\"sameAs\":[\"https:\/\/www.facebook.com\/profile.php?id=100095048316272\"]}]}<\/script>\n<!-- \/ Yoast SEO plugin. -->","yoast_head_json":{"title":"Casa FontaGusta - Arrivare. Respirare. Rilassare","description":"La Casa FontaGusta si trova vicino al Lago di Garda, ma lontano dall'eccessivo turismo, nel cuore della Valle Sabbia.","robots":{"index":"index","follow":"follow","max-snippet":"max-snippet:-1","max-image-preview":"max-image-preview:large","max-video-preview":"max-video-preview:-1"},"canonical":"https:\/\/casa.fontagusta.eu\/","og_locale":"it_IT","og_type":"article","og_title":"Casa FontaGusta - Arrivare. Respirare. Rilassare","og_description":"La Casa FontaGusta si trova vicino al Lago di Garda, ma lontano dall'eccessivo turismo, nel cuore della Valle Sabbia.","og_url":"https:\/\/casa.fontagusta.eu\/","og_site_name":"Casa FontaGusta","article_publisher":"https:\/\/www.facebook.com\/profile.php?id=100095048316272","article_modified_time":"2026-03-12T14:15:08+00:00","og_image":[{"url":"https:\/\/casa.fontagusta.eu\/wp-content\/uploads\/2023\/05\/riposa-blumengruss.jpg","type":"","width":"","height":""}],"twitter_card":"summary_large_image","twitter_misc":{"Est. reading time":"3 minutes"},"schema":{"@context":"https:\/\/schema.org","@graph":[{"@type":"WebPage","@id":"https:\/\/casa.fontagusta.eu\/","url":"https:\/\/casa.fontagusta.eu\/","name":"Casa FontaGusta - Arrive. Breathe. Relax.","isPartOf":{"@id":"https:\/\/casa.fontagusta.eu\/#website"},"primaryImageOfPage":{"@id":"https:\/\/casa.fontagusta.eu\/#primaryimage"},"image":{"@id":"https:\/\/casa.fontagusta.eu\/#primaryimage"},"thumbnailUrl":"https:\/\/casa.fontagusta.eu\/wp-content\/uploads\/2023\/05\/riposa-blumengruss.jpg","datePublished":"2023-06-15T15:08:14+00:00","dateModified":"2026-03-12T14:15:08+00:00","description":"Casa FontaGusta is located close to Lake Garda and yet away from the overtourism in the middle of Valle Sabbia.","breadcrumb":{"@id":"https:\/\/casa.fontagusta.eu\/#breadcrumb"},"inLanguage":"it-IT","potentialAction":[{"@type":"ReadAction","target":["https:\/\/casa.fontagusta.eu\/"]}]},{"@type":"ImageObject","inLanguage":"it-IT","@id":"https:\/\/casa.fontagusta.eu\/#primaryimage","url":"https:\/\/casa.fontagusta.eu\/wp-content\/uploads\/2023\/05\/riposa-blumengruss.jpg","contentUrl":"https:\/\/casa.fontagusta.eu\/wp-content\/uploads\/2023\/05\/riposa-blumengruss.jpg"},{"@type":"BreadcrumbList","@id":"https:\/\/casa.fontagusta.eu\/#breadcrumb","itemListElement":[{"@type":"ListItem","position":1,"name":"Startseite","item":"https:\/\/casa.fontagusta.eu\/"},{"@type":"ListItem","position":2,"name":"Home"}]},{"@type":"WebSite","@id":"https:\/\/casa.fontagusta.eu\/#website","url":"https:\/\/casa.fontagusta.eu\/","name":"Casa FontaGusta","description":"Arrivare. Respirare. Rilassare","publisher":{"@id":"https:\/\/casa.fontagusta.eu\/#organization"},"potentialAction":[{"@type":"SearchAction","target":{"@type":"EntryPoint","urlTemplate":"https:\/\/casa.fontagusta.eu\/?s={search_term_string}"},"query-input":{"@type":"PropertyValueSpecification","valueRequired":true,"valueName":"search_term_string"}}],"inLanguage":"it-IT"},{"@type":"Organization","@id":"https:\/\/casa.fontagusta.eu\/#organization","name":"Casa FontaGusta","url":"https:\/\/casa.fontagusta.eu\/","logo":{"@type":"ImageObject","inLanguage":"it-IT","@id":"https:\/\/casa.fontagusta.eu\/#\/schema\/logo\/image\/","url":"https:\/\/casa.fontagusta.eu\/wp-content\/uploads\/2023\/07\/Logo_casafontagusta.png","contentUrl":"https:\/\/casa.fontagusta.eu\/wp-content\/uploads\/2023\/07\/Logo_casafontagusta.png","width":5547,"height":1112,"caption":"Casa FontaGusta"},"image":{"@id":"https:\/\/casa.fontagusta.eu\/#\/schema\/logo\/image\/"},"sameAs":["https:\/\/www.facebook.com\/profile.php?id=100095048316272"]}]}},"_links":{"self":[{"href":"https:\/\/casa.fontagusta.eu\/it\/wp-json\/wp\/v2\/pages\/409","targetHints":{"allow":["GET"]}}],"collection":[{"href":"https:\/\/casa.fontagusta.eu\/it\/wp-json\/wp\/v2\/pages"}],"about":[{"href":"https:\/\/casa.fontagusta.eu\/it\/wp-json\/wp\/v2\/types\/page"}],"author":[{"embeddable":true,"href":"https:\/\/casa.fontagusta.eu\/it\/wp-json\/wp\/v2\/users\/1"}],"replies":[{"embeddable":true,"href":"https:\/\/casa.fontagusta.eu\/it\/wp-json\/wp\/v2\/comments?post=409"}],"version-history":[{"count":10,"href":"https:\/\/casa.fontagusta.eu\/it\/wp-json\/wp\/v2\/pages\/409\/revisions"}],"predecessor-version":[{"id":800,"href":"https:\/\/casa.fontagusta.eu\/it\/wp-json\/wp\/v2\/pages\/409\/revisions\/800"}],"wp:attachment":[{"href":"https:\/\/casa.fontagusta.eu\/it\/wp-json\/wp\/v2\/media?parent=409"}],"curies":[{"name":"wp","href":"https:\/\/api.w.org\/{rel}","templated":true}]}}