{"id":578,"date":"2023-07-07T15:11:25","date_gmt":"2023-07-07T13:11:25","guid":{"rendered":"https:\/\/casa.fontagusta.eu\/?page_id=578"},"modified":"2023-07-07T16:20:16","modified_gmt":"2023-07-07T14:20:16","slug":"termsandconditions","status":"publish","type":"page","link":"https:\/\/casa.fontagusta.eu\/it\/termsandconditions\/","title":{"rendered":"Termini e condizioni generali"},"content":{"rendered":"\n<h2 class=\"wp-block-heading\">Termini e condizioni generali<\/h2>\n\n\n\n<p>1. AMBITO DI APPLICAZIONE<br>1.1. \u00a0L&#8217;albergatore &#8220;B&amp;B Casa FontaGusta&#8221;, titolare: Leo Graber (di seguito denominato struttura ricettiva) e il contraente (di seguito denominato cliente) concordano che le presenti condizioni generali di contratto si applicano esclusivamente a tutti i contratti e alle altre prestazioni stipulate tramite la funzione di prenotazione del sito web www.casa.fontagusta.eu. Le condizioni generali di contratto dell&#8217;albergatore si applicano anche al cliente. Accordi divergenti, contrastanti o supplementari, anche se noti, non diventano parte integrante del contratto, a meno che la loro validit\u00e0 non sia stata espressamente concordata per iscritto.<br>1.2. In caso di richieste telefoniche o via e-mail, le condizioni generali diventano parte integrante del contratto solo se l&#8217;albergatore rimanda il cliente alle condizioni generali al momento della stipula del contratto, gli d\u00e0 la possibilit\u00e0 di prenderne atto e il cliente accetta la validit\u00e0 delle condizioni generale.<\/p>\n\n\n\n<p>2. CONCLUSIONE DEL CONTRATTO, FORMAZIONE DEL CONTRATTO, MODALIT\u00c0 DI PAGAMENTO<br>2.1. \u00a0Se desiderate effettuare una prenotazione, potete farlo direttamente tramite il nostro sito web www.casa.fontagusta.eu. Vi confermeremo il ricevimento della vostra richiesta di prenotazione via e-mail. In risposta alla vostra richiesta di prenotazione, vi invieremo un&#8217;offerta per il periodo di prenotazione desiderato e con tutti i servizi aggiuntivi selezionati. La data di accettazione dell&#8217;offerta e quindi di conclusione del contratto \u00e8 la data di pagamento della caparra (vedi punto 2.2).<br>2.2. Per completare il processo di prenotazione \u00e8 obbligatorio il pagamento di una caparra del 20% dell&#8217;importo totale prenotato tramite bonifico bancario. La caparra deve essere versato entro 10 giorni dal ricevimento dell&#8217;offerta. In caso contrario, l&#8217;offerta decade e deve essere effettuata una nuova richiesta di prenotazione.<br>2.3. L&#8217;importo restante deve essere pagato direttamente presso la struttura ricettiva in loco.<\/p>\n\n\n\n<p>3. SERVIZI E PREZZI<br>3.1. Per l&#8217;entit\u00e0 delle prestazioni contrattualmente dovute dall&#8217;albergatore \u00e8 determinante la sola conferma di prenotazione.<br>3.2. \u00a0I prezzi indicati nella conferma di prenotazione sono prezzi definitivi e comprendono tutti i costi accessori, se non espressamente concordato diversamente. Per i servizi per i quali la fatturazione a consumo \u00e8 indicata nella base di prenotazione o concordata separatamente, nonch\u00e9 per i servizi opzionali e aggiuntivi, possono essere previsti e indicati costi separati.<br>3.3. \u00a0I prezzi sono comprensivi di I.V.A..<br>3.4. \u00a0Il prezzo concordato diventa esigibile al momento della stipula del contratto. Se non diversamente concordato, il prezzo deve essere pagato alla struttura ricettiva entro 10 giorni dal ricevimento della fattura. L&#8217;albergatore ha il diritto di richiedere al cliente il pagamento immediato al momento dell&#8217;utilizzo delle prestazioni contrattuali (arrivo) o in un momento successivo.<br>3.5. Se al momento della prenotazione non viene emessa una fattura completa, l&#8217;albergatore ha il diritto di richiedere al cliente, al momento della stipula del contratto, un congruo deposito o una garanzia sotto forma di carta di credito, pagamento anticipato o simili.<\/p>\n\n\n\n<p>4. CONDIZIONI DI PAGAMENTO<br>4.1. La caparra viene versata tramite bonifico bancario sul seguente conto:<br>4.2. Il saldo viene effettuato direttamente presso la struttura ricettiva. Il pagamento pu\u00f2 essere effettuato in contanti, con bancomat o carta di credito. Si prega di notare il limite di 1.999 euro per i pagamenti in contanti.<\/p>\n\n\n\n<p>5. ESCLUSIONE LEGALE DEL DIRITTO DI REVOCA \/ RECESSO DEL CLIENTE (CANCELLAZIONE) \/ MANCATO UTILIZZO DEI SERVIZI DI ALLOGGIO (NO SHOW)<br>5.1. \u00a0La stipula del contratto obbliga entrambe le parti contraenti ad adempiere al contratto, indipendentemente dalla durata dello stesso. \u00c8 fondamentalmente escluso un recesso unilaterale e senza costi da parte del cliente da una prenotazione vincolante.<br>5.2. Il diritto di recesso contrattuale del cliente dal contratto stipulato con l&#8217;albergatore richiede un accordo scritto esplicito tra il cliente e l&#8217;albergatore. Se l&#8217;albergatore e il cliente hanno concordato per iscritto una data per il recesso gratuito dal contratto, il cliente pu\u00f2 recedere dal contratto fino a tale data senza dover pagare il prezzo concordato. Il diritto di recesso del cliente decade se non lo esercita per iscritto nei confronti dell&#8217;albergatore entro la data concordata. \u00c8 determinante la data di ricezione della dichiarazione di recesso del cliente da parte dell&#8217;albergatore.<br>5.3. Se il cliente recede dal contratto senza che tale diritto sia stato concordato per iscritto tra le parti, l&#8217;albergatore ha diritto all&#8217;intero compenso, meno quanto risparmiato in seguito al mancato utilizzo della prestazione. L&#8217;albergatore ha il diritto di detrarre forfettariamente le spese risparmiate. Il cliente \u00e8 libero di dimostrare che l&#8217;albergatore non ha subito alcun danno o che il danno \u00e8 notevolmente inferiore.<br>5.4. In caso di disdetta ai sensi del punto 5.3, l&#8217;albergatore pu\u00f2 richiedere al cliente un pagamento forfettario come segue:<br>In caso di annullamento fino a 31 giorni prima dell&#8217;inizio del periodo di servizio: annullamento gratuito.<br>Cancellazione da 30 a 5 giorni prima dell&#8217;inizio del servizio: 50% del servizio concordato.<br>Cancellazione entro 4 giorni prima dell&#8217;arrivo: 100% del servizio concordato.<br>La caparra sar\u00e0 comunque trattenuta a causa delle spese amministrative.<br>5.5. I punti da 5.1 a 5.3 non si applicano in caso di violazione dell&#8217;obbligo dell&#8217;albergatore di tenere in considerazione i diritti, i beni giuridici e gli interessi del cliente, se di conseguenza non ci si pu\u00f2 pi\u00f9 aspettare che il cliente rispetti il contratto.<br>5.6. Le disposizioni di cui sopra non pregiudicano il diritto di recesso previsto dalla legge.<br>5.7. In caso di mancato arrivo all&#8217;inizio del periodo di locazione senza aver avvisato l&#8217;albergatore, il diritto all&#8217;intera prenotazione decade.<\/p>\n\n\n\n<p>6. RECESSO DELL&#8217;ALBERGATORE<br>6.1. \u00a0Se la caparra concordato non viene versato nemmeno dopo la scadenza di un termine ragionevole fissato dall&#8217;albergatore, quest&#8217;ultimo ha il diritto di recedere dal contratto.<br>6.2.\u00a0Se il recesso avviene in base alla clausola precedente, l&#8217;albergatore ha il diritto di chiedere al cliente il risarcimento dei danni secondo le regole del punto 5.3. In caso di disdetta fino a 30 giorni prima dell&#8217;inizio del periodo di servizio, non sussiste alcun diritto al risarcimento dei danni.<br>6.3. Inoltre, l&#8217;albergatore ha il diritto di recedere dal contratto per giusta causa, in particolare se:<br>6.3.1. \u00a0cause di forza maggiore o altre circostanze non imputabili all&#8217;albergatore rendono impossibile l&#8217;adempimento del contratto.<br>6.3.2. \u00a0le camere vengono prenotate con informazioni fuorvianti o false su fatti essenziali, ad esempio la persona del cliente o lo scopo del suo soggiorno.<\/p>\n\n\n\n<p>7. DIRITTI E OBBLIGHI DEL CLIENTE<br>Il cliente non \u00e8 autorizzato a cedere a terzi i locali e le parti dell&#8217;immobile che gli sono stati consegnati per l&#8217;uso, in particolare a subaffittarli. Il cliente non \u00e8 autorizzato a utilizzare i locali e le parti dell&#8217;immobile per scopi diversi da quelli concordati nel contratto.<\/p>\n\n\n\n<p>8. MESSA A DISPOSIZIONE, CONSEGNA E RESTITUZIONE DELLA CAMERA<br>8.1. Le camere prenotate per le vacanze sono a disposizione del cliente a partire dalle ore 16:00 del giorno di arrivo concordato. Il cliente non ha diritto a una messa a disposizione anticipata.<br>8.2. Il giorno concordato per la partenza, le camere per le vacanze devono essere liberate entro e non oltre le ore 14:00.<br>8.3. L&#8217;utilizzo delle sale per ricevimenti e di altre strutture aperte al pubblico viene regolato di volta in volta.<\/p>\n\n\n\n<p>9. RESPONSABILIT\u00c0 DELL&#8217;ALBERGATORE<br>9.1 L&#8217;albergatore \u00e8 responsabile solo per i danni diretti causati all&#8217;ospite in seguito all&#8217;inadempimento da parte dell&#8217;albergatore dei suoi obblighi in relazione alle proprie attivit\u00e0. In ogni caso, la responsabilit\u00e0 dell&#8217;albergatore non pu\u00f2 superare il prezzo totale della prenotazione a cui si riferisce la richiesta di responsabilit\u00e0.<br>9.2. Se al cliente viene messo a disposizione un posto auto nel parcheggio della struttura ricettiva, ci\u00f2 non costituisce un contratto di custodia. In caso di perdita o danneggiamento di veicoli a motore parcheggiati o manovrati all&#8217;interno della propriet\u00e0 e del loro contenuto, l&#8217;albergatore non \u00e8 responsabile, salvo in caso di dolo o colpa grave.<br>9.3. \u00a0I diritti del cliente nei confronti dell&#8217;albergatore derivanti dal contratto di alloggio e le richieste di risarcimento danni del cliente cadono in prescrizione dopo un anno.<\/p>\n\n\n\n<p>10. FATTURA ELETTRONICA<br>Il Cliente accetta l&#8217;invio della fattura in formato elettronico.<\/p>\n\n\n\n<p>11. PROTEZIONE DEI DATI<br>L&#8217;albergatore raccoglie, memorizza ed elabora i dati personali solo nella misura in cui ci\u00f2 \u00e8 necessario per lo svolgimento del rapporto contrattuale con il cliente. A tal fine, l&#8217;albergatore memorizza la prenotazione e i dati di prenotazione inseriti dal cliente. L&#8217;albergatore invia al cliente un&#8217;e-mail con tutti i dati della prenotazione e le condizioni generale. Per il resto valgono le indicazioni contenute nella dichiarazione sulla protezione dei dati dell&#8217;albergatore.<\/p>\n\n\n\n<p>12. PIATTAFORMA OS; PROCEDURA DI RISOLUZIONE DELLE CONTROVERSIE DAVANTI AL COLLEGIO ARBITRALE DEI CONSUMATORI<br>La Commissione europea ha istituito una piattaforma Internet per la risoluzione online delle controversie (&#8220;piattaforma OS&#8221;) tra imprenditori e consumatori. La piattaforma OS \u00e8 raggiungibile all&#8217;indirizzo https:\/\/ec.europa.eu\/consumers\/odr\/. Non siamo disposti n\u00e9 obbligati a partecipare a una procedura di risoluzione delle controversie davanti a un collegio arbitrale dei consumatori.<\/p>\n\n\n\n<p>13 DISPOSIZIONI FINALI<br>13.1. Le presenti Condizioni Generali e la fornitura del nostro Servizio saranno disciplinate e interpretate in conformit\u00e0 alla legge italiana.<br>13.2. Per tutte le controversie risultanti o correlate con le presenti Condizioni Generali di Contratto \u00e8 competente esclusivamente il Foro di Mantova (Italia).<br>13.3. Se una delle disposizioni del presente contratto \u00e8 o diventa invalida, tutte le altre disposizioni applicabili alle parti contraenti rimarranno inalterate.<\/p>\n","protected":false},"excerpt":{"rendered":"<p>Termini e condizioni generali 1. AMBITO DI APPLICAZIONE1.1. \u00a0L&#8217;albergatore &#8220;B&amp;B Casa FontaGusta&#8221;, titolare: Leo Graber (di seguito denominato struttura ricettiva) e il contraente (di seguito denominato cliente) concordano che le presenti condizioni generali di contratto si applicano esclusivamente a tutti i contratti e alle altre prestazioni stipulate tramite la funzione di prenotazione del sito web www.casa.fontagusta.eu. Le condizioni generali di<\/p>\n<p><a class=\"more-link\" href=\"https:\/\/casa.fontagusta.eu\/it\/termsandconditions\/\">Read More<\/a><\/p>\n","protected":false},"author":1,"featured_media":0,"parent":0,"menu_order":0,"comment_status":"closed","ping_status":"closed","template":"","meta":{"footnotes":""},"class_list":["post-578","page","type-page","status-publish","hentry"],"translation":{"provider":"WPGlobus","version":"3.0.2","language":"it","enabled_languages":["de","it","en"],"languages":{"de":{"title":true,"content":true,"excerpt":false},"it":{"title":true,"content":true,"excerpt":false},"en":{"title":true,"content":true,"excerpt":false}}},"yoast_head":"<!-- This site is optimized with the Yoast SEO plugin v27.1.1 - https:\/\/yoast.com\/product\/yoast-seo-wordpress\/ -->\n<title>Termini e condizioni generali - Casa FontaGusta<\/title>\n<meta name=\"robots\" content=\"index, follow, max-snippet:-1, max-image-preview:large, max-video-preview:-1\" \/>\n<link rel=\"canonical\" href=\"https:\/\/casa.fontagusta.eu\/termsandconditions\/\" \/>\n<meta property=\"og:locale\" content=\"it_IT\" \/>\n<meta property=\"og:type\" content=\"article\" \/>\n<meta property=\"og:title\" content=\"Termini e condizioni generali - Casa FontaGusta\" \/>\n<meta property=\"og:url\" content=\"https:\/\/casa.fontagusta.eu\/termsandconditions\/\" \/>\n<meta property=\"og:site_name\" content=\"Casa FontaGusta\" \/>\n<meta property=\"article:publisher\" content=\"https:\/\/www.facebook.com\/profile.php?id=100095048316272\" \/>\n<meta property=\"article:modified_time\" content=\"2023-07-07T14:20:16+00:00\" \/>\n<meta name=\"twitter:card\" content=\"summary_large_image\" \/>\n<meta name=\"twitter:label1\" content=\"Est. reading time\" \/>\n\t<meta name=\"twitter:data1\" content=\"8 minutes\" \/>\n<script type=\"application\/ld+json\" class=\"yoast-schema-graph\">{\"@context\":\"https:\/\/schema.org\",\"@graph\":[{\"@type\":\"WebPage\",\"@id\":\"https:\/\/casa.fontagusta.eu\/termsandconditions\/\",\"url\":\"https:\/\/casa.fontagusta.eu\/termsandconditions\/\",\"name\":\"Termini e condizioni generali - Casa FontaGusta\",\"isPartOf\":{\"@id\":\"https:\/\/casa.fontagusta.eu\/#website\"},\"datePublished\":\"2023-07-07T13:11:25+00:00\",\"dateModified\":\"2023-07-07T14:20:16+00:00\",\"breadcrumb\":{\"@id\":\"https:\/\/casa.fontagusta.eu\/termsandconditions\/#breadcrumb\"},\"inLanguage\":\"it-IT\",\"potentialAction\":[{\"@type\":\"ReadAction\",\"target\":[\"https:\/\/casa.fontagusta.eu\/termsandconditions\/\"]}]},{\"@type\":\"BreadcrumbList\",\"@id\":\"https:\/\/casa.fontagusta.eu\/termsandconditions\/#breadcrumb\",\"itemListElement\":[{\"@type\":\"ListItem\",\"position\":1,\"name\":\"Startseite\",\"item\":\"https:\/\/casa.fontagusta.eu\/\"},{\"@type\":\"ListItem\",\"position\":2,\"name\":\"AGBs\"}]},{\"@type\":\"WebSite\",\"@id\":\"https:\/\/casa.fontagusta.eu\/#website\",\"url\":\"https:\/\/casa.fontagusta.eu\/\",\"name\":\"Casa FontaGusta\",\"description\":\"Arrivare. Respirare. Rilassare\",\"publisher\":{\"@id\":\"https:\/\/casa.fontagusta.eu\/#organization\"},\"potentialAction\":[{\"@type\":\"SearchAction\",\"target\":{\"@type\":\"EntryPoint\",\"urlTemplate\":\"https:\/\/casa.fontagusta.eu\/?s={search_term_string}\"},\"query-input\":{\"@type\":\"PropertyValueSpecification\",\"valueRequired\":true,\"valueName\":\"search_term_string\"}}],\"inLanguage\":\"it-IT\"},{\"@type\":\"Organization\",\"@id\":\"https:\/\/casa.fontagusta.eu\/#organization\",\"name\":\"Casa FontaGusta\",\"url\":\"https:\/\/casa.fontagusta.eu\/\",\"logo\":{\"@type\":\"ImageObject\",\"inLanguage\":\"it-IT\",\"@id\":\"https:\/\/casa.fontagusta.eu\/#\/schema\/logo\/image\/\",\"url\":\"https:\/\/casa.fontagusta.eu\/wp-content\/uploads\/2023\/07\/Logo_casafontagusta.png\",\"contentUrl\":\"https:\/\/casa.fontagusta.eu\/wp-content\/uploads\/2023\/07\/Logo_casafontagusta.png\",\"width\":5547,\"height\":1112,\"caption\":\"Casa FontaGusta\"},\"image\":{\"@id\":\"https:\/\/casa.fontagusta.eu\/#\/schema\/logo\/image\/\"},\"sameAs\":[\"https:\/\/www.facebook.com\/profile.php?id=100095048316272\"]}]}<\/script>\n<!-- \/ Yoast SEO plugin. -->","yoast_head_json":{"title":"Termini e condizioni generali - Casa FontaGusta","robots":{"index":"index","follow":"follow","max-snippet":"max-snippet:-1","max-image-preview":"max-image-preview:large","max-video-preview":"max-video-preview:-1"},"canonical":"https:\/\/casa.fontagusta.eu\/termsandconditions\/","og_locale":"it_IT","og_type":"article","og_title":"Termini e condizioni generali - Casa FontaGusta","og_url":"https:\/\/casa.fontagusta.eu\/termsandconditions\/","og_site_name":"Casa FontaGusta","article_publisher":"https:\/\/www.facebook.com\/profile.php?id=100095048316272","article_modified_time":"2023-07-07T14:20:16+00:00","twitter_card":"summary_large_image","twitter_misc":{"Est. reading time":"8 minutes"},"schema":{"@context":"https:\/\/schema.org","@graph":[{"@type":"WebPage","@id":"https:\/\/casa.fontagusta.eu\/termsandconditions\/","url":"https:\/\/casa.fontagusta.eu\/termsandconditions\/","name":"Termini e condizioni generali - Casa FontaGusta","isPartOf":{"@id":"https:\/\/casa.fontagusta.eu\/#website"},"datePublished":"2023-07-07T13:11:25+00:00","dateModified":"2023-07-07T14:20:16+00:00","breadcrumb":{"@id":"https:\/\/casa.fontagusta.eu\/termsandconditions\/#breadcrumb"},"inLanguage":"it-IT","potentialAction":[{"@type":"ReadAction","target":["https:\/\/casa.fontagusta.eu\/termsandconditions\/"]}]},{"@type":"BreadcrumbList","@id":"https:\/\/casa.fontagusta.eu\/termsandconditions\/#breadcrumb","itemListElement":[{"@type":"ListItem","position":1,"name":"Startseite","item":"https:\/\/casa.fontagusta.eu\/"},{"@type":"ListItem","position":2,"name":"AGBs"}]},{"@type":"WebSite","@id":"https:\/\/casa.fontagusta.eu\/#website","url":"https:\/\/casa.fontagusta.eu\/","name":"Casa FontaGusta","description":"Arrivare. Respirare. Rilassare","publisher":{"@id":"https:\/\/casa.fontagusta.eu\/#organization"},"potentialAction":[{"@type":"SearchAction","target":{"@type":"EntryPoint","urlTemplate":"https:\/\/casa.fontagusta.eu\/?s={search_term_string}"},"query-input":{"@type":"PropertyValueSpecification","valueRequired":true,"valueName":"search_term_string"}}],"inLanguage":"it-IT"},{"@type":"Organization","@id":"https:\/\/casa.fontagusta.eu\/#organization","name":"Casa FontaGusta","url":"https:\/\/casa.fontagusta.eu\/","logo":{"@type":"ImageObject","inLanguage":"it-IT","@id":"https:\/\/casa.fontagusta.eu\/#\/schema\/logo\/image\/","url":"https:\/\/casa.fontagusta.eu\/wp-content\/uploads\/2023\/07\/Logo_casafontagusta.png","contentUrl":"https:\/\/casa.fontagusta.eu\/wp-content\/uploads\/2023\/07\/Logo_casafontagusta.png","width":5547,"height":1112,"caption":"Casa FontaGusta"},"image":{"@id":"https:\/\/casa.fontagusta.eu\/#\/schema\/logo\/image\/"},"sameAs":["https:\/\/www.facebook.com\/profile.php?id=100095048316272"]}]}},"_links":{"self":[{"href":"https:\/\/casa.fontagusta.eu\/it\/wp-json\/wp\/v2\/pages\/578","targetHints":{"allow":["GET"]}}],"collection":[{"href":"https:\/\/casa.fontagusta.eu\/it\/wp-json\/wp\/v2\/pages"}],"about":[{"href":"https:\/\/casa.fontagusta.eu\/it\/wp-json\/wp\/v2\/types\/page"}],"author":[{"embeddable":true,"href":"https:\/\/casa.fontagusta.eu\/it\/wp-json\/wp\/v2\/users\/1"}],"replies":[{"embeddable":true,"href":"https:\/\/casa.fontagusta.eu\/it\/wp-json\/wp\/v2\/comments?post=578"}],"version-history":[{"count":7,"href":"https:\/\/casa.fontagusta.eu\/it\/wp-json\/wp\/v2\/pages\/578\/revisions"}],"predecessor-version":[{"id":592,"href":"https:\/\/casa.fontagusta.eu\/it\/wp-json\/wp\/v2\/pages\/578\/revisions\/592"}],"wp:attachment":[{"href":"https:\/\/casa.fontagusta.eu\/it\/wp-json\/wp\/v2\/media?parent=578"}],"curies":[{"name":"wp","href":"https:\/\/api.w.org\/{rel}","templated":true}]}}