{"id":767,"date":"2025-12-05T17:47:32","date_gmt":"2025-12-05T16:47:32","guid":{"rendered":"https:\/\/casa.fontagusta.eu\/?page_id=767"},"modified":"2025-12-05T18:02:08","modified_gmt":"2025-12-05T17:02:08","slug":"fattoria","status":"publish","type":"page","link":"https:\/\/casa.fontagusta.eu\/it\/fattoria\/","title":{"rendered":"Haus und Hof"},"content":{"rendered":"\n<h1 class=\"wp-block-heading has-text-color has-link-color has-large-font-size wp-elements-a7a9f8da0afafa397fb43e4b5ca8e67d\" style=\"color:#19662a;font-style:normal;font-weight:700\">Haus und Hof<\/h1>\n\n\n\n<p>Rund um Casa FontaGusta \u00f6ffnet sich eine Landschaft, die man so schnell nicht vergisst: Die Piccoli Dolomiti \u2013 Teil der Brescianer Voralpen und aus dem gleichen Gestein wie die ber\u00fchmten Dolomiten \u2013 ragen direkt vor der Haust\u00fcr empor. Besonders am Abend, wenn die Sonne die Felsen rot aufleuchten l\u00e4sst, entsteht ein Anblick, der jeden Gedanken an Bildschirme \u00fcberfl\u00fcssig macht.<\/p>\n\n\n\n<p>Gleich neben dem Haus liegt unser nat\u00fcrlicher Teich \u2013 ein kleines Biotop voller Leben. Schmetterlinge, schillernde Libellen, Molche, Kr\u00f6ten und sogar Ringelnattern nutzen ihn als R\u00fcckzugsort. In warmen Sommern\u00e4chten ziehen Flederm\u00e4use lautlos ihre Kreise, und im Mai und Juni funkeln Gl\u00fchw\u00fcrmchen im Gras wie kleine Sterne.<\/p>\n\n\n\n<p>Auch unser Hof selbst steckt voller Begegnungen: Schafe, H\u00fchner, Katzen und Hunde geh\u00f6ren hier genauso zum Alltag wie das sanfte Rauschen der B\u00e4ume. Als landwirtschaftlicher Betrieb pflegen wir eine nachhaltige Schafhaltung und bauen Kr\u00e4uter, Gem\u00fcse und Beeren \u00f6kologisch an \u2013 begleitet von Obstb\u00e4umen, bunten Wiesen und einem Garten, der zu jeder Jahreszeit Neues enth\u00fcllt.<\/p>\n\n\n\n<p>Je nach Saison kannst du bei uns unterschiedliche Tiere und Pflanzen entdecken \u2013 am Teich, auf den Wiesen oder bei einem Spaziergang durch die umliegenden Kastanienw\u00e4lder. Und wer den Geschmack der Natur mit nach Hause nehmen m\u00f6chte, findet in unserem kleinen Hofladen liebevoll hergestellte Tee- und Kr\u00e4utermischungen, Kr\u00e4utersalze, eingelegtes Gem\u00fcse, Brotaufstriche und weitere Produkte aus unserer eigenen Herstellung.<\/p>\n","protected":false},"excerpt":{"rendered":"<p>Haus und Hof Rund um Casa FontaGusta \u00f6ffnet sich eine Landschaft, die man so schnell nicht vergisst: Die Piccoli Dolomiti \u2013 Teil der Brescianer Voralpen und aus dem gleichen Gestein wie die ber\u00fchmten Dolomiten \u2013 ragen direkt vor der Haust\u00fcr empor. Besonders am Abend, wenn die Sonne die Felsen rot aufleuchten l\u00e4sst, entsteht ein Anblick, der jeden Gedanken an Bildschirme<\/p>\n<p><a class=\"more-link\" href=\"https:\/\/casa.fontagusta.eu\/it\/fattoria\/\">Read More<\/a><\/p>\n","protected":false},"author":1,"featured_media":0,"parent":0,"menu_order":0,"comment_status":"closed","ping_status":"closed","template":"","meta":{"footnotes":""},"class_list":["post-767","page","type-page","status-publish","hentry"],"translation":{"provider":"WPGlobus","version":"3.0.2","language":"it","enabled_languages":["de","it","en"],"languages":{"de":{"title":true,"content":true,"excerpt":false},"it":{"title":false,"content":false,"excerpt":false},"en":{"title":false,"content":false,"excerpt":false}}},"yoast_head":"<!-- This site is optimized with the Yoast SEO plugin v27.1.1 - https:\/\/yoast.com\/product\/yoast-seo-wordpress\/ -->\n<title>Haus und Hof - Casa FontaGusta<\/title>\n<meta name=\"robots\" content=\"index, follow, max-snippet:-1, max-image-preview:large, max-video-preview:-1\" \/>\n<link rel=\"canonical\" href=\"https:\/\/casa.fontagusta.eu\/fattoria\/\" \/>\n<meta property=\"og:locale\" content=\"it_IT\" \/>\n<meta property=\"og:type\" content=\"article\" \/>\n<meta property=\"og:title\" content=\"Haus und Hof - Casa FontaGusta\" \/>\n<meta property=\"og:url\" content=\"https:\/\/casa.fontagusta.eu\/fattoria\/\" \/>\n<meta property=\"og:site_name\" content=\"Casa FontaGusta\" \/>\n<meta property=\"article:publisher\" content=\"https:\/\/www.facebook.com\/profile.php?id=100095048316272\" \/>\n<meta property=\"article:modified_time\" content=\"2025-12-05T17:02:08+00:00\" \/>\n<meta name=\"twitter:card\" content=\"summary_large_image\" \/>\n<meta name=\"twitter:label1\" content=\"Est. reading time\" \/>\n\t<meta name=\"twitter:data1\" content=\"2 minutes\" \/>\n<script type=\"application\/ld+json\" class=\"yoast-schema-graph\">{\"@context\":\"https:\/\/schema.org\",\"@graph\":[{\"@type\":\"WebPage\",\"@id\":\"https:\/\/casa.fontagusta.eu\/fattoria\/\",\"url\":\"https:\/\/casa.fontagusta.eu\/fattoria\/\",\"name\":\"Haus und Hof - Casa FontaGusta\",\"isPartOf\":{\"@id\":\"https:\/\/casa.fontagusta.eu\/#website\"},\"datePublished\":\"2025-12-05T16:47:32+00:00\",\"dateModified\":\"2025-12-05T17:02:08+00:00\",\"breadcrumb\":{\"@id\":\"https:\/\/casa.fontagusta.eu\/fattoria\/#breadcrumb\"},\"inLanguage\":\"it-IT\",\"potentialAction\":[{\"@type\":\"ReadAction\",\"target\":[\"https:\/\/casa.fontagusta.eu\/fattoria\/\"]}]},{\"@type\":\"BreadcrumbList\",\"@id\":\"https:\/\/casa.fontagusta.eu\/fattoria\/#breadcrumb\",\"itemListElement\":[{\"@type\":\"ListItem\",\"position\":1,\"name\":\"Startseite\",\"item\":\"https:\/\/casa.fontagusta.eu\/\"},{\"@type\":\"ListItem\",\"position\":2,\"name\":\"Haus und Hof\"}]},{\"@type\":\"WebSite\",\"@id\":\"https:\/\/casa.fontagusta.eu\/#website\",\"url\":\"https:\/\/casa.fontagusta.eu\/\",\"name\":\"Casa FontaGusta\",\"description\":\"Arrivare. Respirare. Rilassare\",\"publisher\":{\"@id\":\"https:\/\/casa.fontagusta.eu\/#organization\"},\"potentialAction\":[{\"@type\":\"SearchAction\",\"target\":{\"@type\":\"EntryPoint\",\"urlTemplate\":\"https:\/\/casa.fontagusta.eu\/?s={search_term_string}\"},\"query-input\":{\"@type\":\"PropertyValueSpecification\",\"valueRequired\":true,\"valueName\":\"search_term_string\"}}],\"inLanguage\":\"it-IT\"},{\"@type\":\"Organization\",\"@id\":\"https:\/\/casa.fontagusta.eu\/#organization\",\"name\":\"Casa FontaGusta\",\"url\":\"https:\/\/casa.fontagusta.eu\/\",\"logo\":{\"@type\":\"ImageObject\",\"inLanguage\":\"it-IT\",\"@id\":\"https:\/\/casa.fontagusta.eu\/#\/schema\/logo\/image\/\",\"url\":\"https:\/\/casa.fontagusta.eu\/wp-content\/uploads\/2023\/07\/Logo_casafontagusta.png\",\"contentUrl\":\"https:\/\/casa.fontagusta.eu\/wp-content\/uploads\/2023\/07\/Logo_casafontagusta.png\",\"width\":5547,\"height\":1112,\"caption\":\"Casa FontaGusta\"},\"image\":{\"@id\":\"https:\/\/casa.fontagusta.eu\/#\/schema\/logo\/image\/\"},\"sameAs\":[\"https:\/\/www.facebook.com\/profile.php?id=100095048316272\"]}]}<\/script>\n<!-- \/ Yoast SEO plugin. -->","yoast_head_json":{"title":"Haus und Hof - Casa FontaGusta","robots":{"index":"index","follow":"follow","max-snippet":"max-snippet:-1","max-image-preview":"max-image-preview:large","max-video-preview":"max-video-preview:-1"},"canonical":"https:\/\/casa.fontagusta.eu\/fattoria\/","og_locale":"it_IT","og_type":"article","og_title":"Haus und Hof - Casa FontaGusta","og_url":"https:\/\/casa.fontagusta.eu\/fattoria\/","og_site_name":"Casa FontaGusta","article_publisher":"https:\/\/www.facebook.com\/profile.php?id=100095048316272","article_modified_time":"2025-12-05T17:02:08+00:00","twitter_card":"summary_large_image","twitter_misc":{"Est. reading time":"2 minutes"},"schema":{"@context":"https:\/\/schema.org","@graph":[{"@type":"WebPage","@id":"https:\/\/casa.fontagusta.eu\/fattoria\/","url":"https:\/\/casa.fontagusta.eu\/fattoria\/","name":"Haus und Hof - Casa FontaGusta","isPartOf":{"@id":"https:\/\/casa.fontagusta.eu\/#website"},"datePublished":"2025-12-05T16:47:32+00:00","dateModified":"2025-12-05T17:02:08+00:00","breadcrumb":{"@id":"https:\/\/casa.fontagusta.eu\/fattoria\/#breadcrumb"},"inLanguage":"it-IT","potentialAction":[{"@type":"ReadAction","target":["https:\/\/casa.fontagusta.eu\/fattoria\/"]}]},{"@type":"BreadcrumbList","@id":"https:\/\/casa.fontagusta.eu\/fattoria\/#breadcrumb","itemListElement":[{"@type":"ListItem","position":1,"name":"Startseite","item":"https:\/\/casa.fontagusta.eu\/"},{"@type":"ListItem","position":2,"name":"Haus und Hof"}]},{"@type":"WebSite","@id":"https:\/\/casa.fontagusta.eu\/#website","url":"https:\/\/casa.fontagusta.eu\/","name":"Casa FontaGusta","description":"Arrivare. Respirare. Rilassare","publisher":{"@id":"https:\/\/casa.fontagusta.eu\/#organization"},"potentialAction":[{"@type":"SearchAction","target":{"@type":"EntryPoint","urlTemplate":"https:\/\/casa.fontagusta.eu\/?s={search_term_string}"},"query-input":{"@type":"PropertyValueSpecification","valueRequired":true,"valueName":"search_term_string"}}],"inLanguage":"it-IT"},{"@type":"Organization","@id":"https:\/\/casa.fontagusta.eu\/#organization","name":"Casa FontaGusta","url":"https:\/\/casa.fontagusta.eu\/","logo":{"@type":"ImageObject","inLanguage":"it-IT","@id":"https:\/\/casa.fontagusta.eu\/#\/schema\/logo\/image\/","url":"https:\/\/casa.fontagusta.eu\/wp-content\/uploads\/2023\/07\/Logo_casafontagusta.png","contentUrl":"https:\/\/casa.fontagusta.eu\/wp-content\/uploads\/2023\/07\/Logo_casafontagusta.png","width":5547,"height":1112,"caption":"Casa FontaGusta"},"image":{"@id":"https:\/\/casa.fontagusta.eu\/#\/schema\/logo\/image\/"},"sameAs":["https:\/\/www.facebook.com\/profile.php?id=100095048316272"]}]}},"_links":{"self":[{"href":"https:\/\/casa.fontagusta.eu\/it\/wp-json\/wp\/v2\/pages\/767","targetHints":{"allow":["GET"]}}],"collection":[{"href":"https:\/\/casa.fontagusta.eu\/it\/wp-json\/wp\/v2\/pages"}],"about":[{"href":"https:\/\/casa.fontagusta.eu\/it\/wp-json\/wp\/v2\/types\/page"}],"author":[{"embeddable":true,"href":"https:\/\/casa.fontagusta.eu\/it\/wp-json\/wp\/v2\/users\/1"}],"replies":[{"embeddable":true,"href":"https:\/\/casa.fontagusta.eu\/it\/wp-json\/wp\/v2\/comments?post=767"}],"version-history":[{"count":1,"href":"https:\/\/casa.fontagusta.eu\/it\/wp-json\/wp\/v2\/pages\/767\/revisions"}],"predecessor-version":[{"id":768,"href":"https:\/\/casa.fontagusta.eu\/it\/wp-json\/wp\/v2\/pages\/767\/revisions\/768"}],"wp:attachment":[{"href":"https:\/\/casa.fontagusta.eu\/it\/wp-json\/wp\/v2\/media?parent=767"}],"curies":[{"name":"wp","href":"https:\/\/api.w.org\/{rel}","templated":true}]}}