{"id":84,"date":"2023-05-25T12:02:08","date_gmt":"2023-05-25T10:02:08","guid":{"rendered":"https:\/\/casa.fontagusta.eu\/?page_id=84"},"modified":"2026-03-12T16:39:09","modified_gmt":"2026-03-12T15:39:09","slug":"wohnen","status":"publish","type":"page","link":"https:\/\/casa.fontagusta.eu\/it\/wohnen\/","title":{"rendered":"Abitare"},"content":{"rendered":"\n<h2 class=\"wp-block-heading has-text-color has-large-font-size\" style=\"color:#19662a;font-style:normal;font-weight:700\">Abitare<\/h2>\n\n\n\n<div class=\"wp-block-columns is-layout-flex wp-container-core-columns-is-layout-9d6595d7 wp-block-columns-is-layout-flex\">\n<div class=\"wp-block-column is-layout-flow wp-block-column-is-layout-flow\"><div class=\"n2-section-smartslider fitvidsignore  n2_clear\" data-ssid=\"4\"><div id=\"n2-ss-4-align\" class=\"n2-ss-align\"><div class=\"n2-padding\"><div id=\"n2-ss-4\" data-creator=\"Smart Slider 3\" data-responsive=\"fullwidth\" class=\"n2-ss-slider n2-ow n2-has-hover n2notransition  \"><div class=\"n2-ss-slider-wrapper-inside\">\n        <div class=\"n2-ss-slider-1 n2_ss__touch_element n2-ow\">\n            <div class=\"n2-ss-slider-2 n2-ow\">\n                                                <div class=\"n2-ss-slider-3 n2-ow\">\n\n                    <div class=\"n2-ss-slide-backgrounds n2-ow-all\"><div class=\"n2-ss-slide-background\" data-public-id=\"1\" data-mode=\"fit\"><div class=\"n2-ss-slide-background-image\" data-blur=\"0\" data-opacity=\"100\" data-x=\"50\" data-y=\"50\" data-alt=\"\" data-title=\"\"><picture class=\"skip-lazy\" data-skip-lazy=\"1\"><img decoding=\"async\" src=\"\/\/casa.fontagusta.eu\/wp-content\/uploads\/2023\/05\/fontana-schlafbereich.jpg\" alt=\"\" title=\"\" loading=\"lazy\" class=\"skip-lazy\" data-skip-lazy=\"1\"><\/picture><\/div><div data-color=\"RGBA(255,255,255,0)\" style=\"background-color: RGBA(255,255,255,0);\" class=\"n2-ss-slide-background-color\"><\/div><\/div><div class=\"n2-ss-slide-background\" data-public-id=\"2\" data-mode=\"fit\" aria-hidden=\"true\"><div class=\"n2-ss-slide-background-image\" data-blur=\"0\" data-opacity=\"100\" data-x=\"50\" data-y=\"50\" data-alt=\"\" data-title=\"\"><picture class=\"skip-lazy\" data-skip-lazy=\"1\"><img decoding=\"async\" src=\"\/\/casa.fontagusta.eu\/wp-content\/uploads\/2023\/05\/fontana-auablick-auf-teich.jpg\" alt=\"\" title=\"\" loading=\"lazy\" class=\"skip-lazy\" data-skip-lazy=\"1\"><\/picture><\/div><div data-color=\"RGBA(255,255,255,0)\" style=\"background-color: RGBA(255,255,255,0);\" class=\"n2-ss-slide-background-color\"><\/div><\/div><div class=\"n2-ss-slide-background\" data-public-id=\"3\" data-mode=\"fit\" aria-hidden=\"true\"><div class=\"n2-ss-slide-background-image\" data-blur=\"0\" data-opacity=\"100\" data-x=\"50\" data-y=\"50\" data-alt=\"\" data-title=\"\"><picture class=\"skip-lazy\" data-skip-lazy=\"1\"><img decoding=\"async\" src=\"\/\/casa.fontagusta.eu\/wp-content\/uploads\/2023\/05\/fontana-bad-waschbecken.jpg\" alt=\"\" title=\"\" loading=\"lazy\" class=\"skip-lazy\" data-skip-lazy=\"1\"><\/picture><\/div><div data-color=\"RGBA(255,255,255,0)\" style=\"background-color: RGBA(255,255,255,0);\" class=\"n2-ss-slide-background-color\"><\/div><\/div><div class=\"n2-ss-slide-background\" data-public-id=\"4\" data-mode=\"fit\" aria-hidden=\"true\"><div class=\"n2-ss-slide-background-image\" data-blur=\"0\" data-opacity=\"100\" data-x=\"50\" data-y=\"50\" data-alt=\"\" data-title=\"\"><picture class=\"skip-lazy\" data-skip-lazy=\"1\"><img decoding=\"async\" src=\"\/\/casa.fontagusta.eu\/wp-content\/uploads\/2023\/05\/fontana-bad-badewanne.jpg\" alt=\"\" title=\"\" loading=\"lazy\" class=\"skip-lazy\" data-skip-lazy=\"1\"><\/picture><\/div><div data-color=\"RGBA(255,255,255,0)\" style=\"background-color: RGBA(255,255,255,0);\" class=\"n2-ss-slide-background-color\"><\/div><\/div><\/div>                    <div class=\"n2-ss-slider-4 n2-ow\">\n                        <svg xmlns=\"http:\/\/www.w3.org\/2000\/svg\" viewBox=\"0 0 517 370\" data-related-device=\"desktopPortrait\" class=\"n2-ow n2-ss-preserve-size n2-ss-preserve-size--slider n2-ss-slide-limiter\"><\/svg><div data-first=\"1\" data-slide-duration=\"0\" data-id=\"11\" data-slide-public-id=\"1\" data-title=\"fontana-schlafbereich\" class=\"n2-ss-slide n2-ow  n2-ss-slide-11\"><div role=\"note\" class=\"n2-ss-slide--focus\" tabindex=\"-1\">fontana-schlafbereich<\/div><div class=\"n2-ss-layers-container n2-ss-slide-limiter n2-ow\"><div class=\"n2-ss-layer n2-ow n-uc-QJoVEPoKoxbh\" data-sstype=\"slide\" data-pm=\"default\"><\/div><\/div><\/div><div data-slide-duration=\"0\" data-id=\"12\" data-slide-public-id=\"2\" aria-hidden=\"true\" data-title=\"fontana-auablick-auf-teich\" class=\"n2-ss-slide n2-ow  n2-ss-slide-12\"><div role=\"note\" class=\"n2-ss-slide--focus\" tabindex=\"-1\">fontana-auablick-auf-teich<\/div><div class=\"n2-ss-layers-container n2-ss-slide-limiter n2-ow\"><div class=\"n2-ss-layer n2-ow n-uc-Cpe0Ipm7vxKw\" data-sstype=\"slide\" data-pm=\"default\"><\/div><\/div><\/div><div data-slide-duration=\"0\" data-id=\"15\" data-slide-public-id=\"3\" aria-hidden=\"true\" data-title=\"fontana-bad-waschbecken\" class=\"n2-ss-slide n2-ow  n2-ss-slide-15\"><div role=\"note\" class=\"n2-ss-slide--focus\" tabindex=\"-1\">fontana-bad-waschbecken<\/div><div class=\"n2-ss-layers-container n2-ss-slide-limiter n2-ow\"><div class=\"n2-ss-layer n2-ow n-uc-wJHmeEtarvSK\" data-sstype=\"slide\" data-pm=\"default\"><\/div><\/div><\/div><div data-slide-duration=\"0\" data-id=\"16\" data-slide-public-id=\"4\" aria-hidden=\"true\" data-title=\"fontana-bad-badewanne\" class=\"n2-ss-slide n2-ow  n2-ss-slide-16\"><div role=\"note\" class=\"n2-ss-slide--focus\" tabindex=\"-1\">fontana-bad-badewanne<\/div><div class=\"n2-ss-layers-container n2-ss-slide-limiter n2-ow\"><div class=\"n2-ss-layer n2-ow n-uc-zCHshcK4vxx8\" data-sstype=\"slide\" data-pm=\"default\"><\/div><\/div><\/div>                    <\/div>\n\n                                    <\/div>\n            <\/div>\n        <\/div>\n        <div class=\"n2-ss-slider-controls n2-ss-slider-controls-absolute-left-center\"><div style=\"--widget-offset:15px;\" class=\"n2-ss-widget nextend-arrow n2-ow-all nextend-arrow-previous  nextend-arrow-animated-fade\" data-hide-mobileportrait=\"1\" id=\"n2-ss-4-arrow-previous\" role=\"button\" aria-label=\"previous arrow\" tabindex=\"0\"><img loading=\"lazy\" decoding=\"async\" width=\"32\" height=\"32\" class=\"skip-lazy\" data-skip-lazy=\"1\" src=\"data:image\/svg+xml;base64,PHN2ZyB3aWR0aD0iMzIiIGhlaWdodD0iMzIiIHZpZXdCb3g9IjAgMCAzMiAzMiIgeG1sbnM9Imh0dHA6Ly93d3cudzMub3JnLzIwMDAvc3ZnIj4KICAgIDxwYXRoIGQ9Ik0xMS40MzMgMTUuOTkyTDIyLjY5IDUuNzEyYy4zOTMtLjM5LjM5My0xLjAzIDAtMS40Mi0uMzkzLS4zOS0xLjAzLS4zOS0xLjQyMyAwbC0xMS45OCAxMC45NGMtLjIxLjIxLS4zLjQ5LS4yODUuNzYtLjAxNS4yOC4wNzUuNTYuMjg0Ljc3bDExLjk4IDEwLjk0Yy4zOTMuMzkgMS4wMy4zOSAxLjQyNCAwIC4zOTMtLjQuMzkzLTEuMDMgMC0xLjQybC0xMS4yNTctMTAuMjkiCiAgICAgICAgICBmaWxsPSIjZmZmZmZmIiBvcGFjaXR5PSIwLjgiIGZpbGwtcnVsZT0iZXZlbm9kZCIvPgo8L3N2Zz4=\" alt=\"previous arrow\"><\/div><\/div><div class=\"n2-ss-slider-controls n2-ss-slider-controls-absolute-right-center\"><div style=\"--widget-offset:15px;\" class=\"n2-ss-widget nextend-arrow n2-ow-all nextend-arrow-next  nextend-arrow-animated-fade\" data-hide-mobileportrait=\"1\" id=\"n2-ss-4-arrow-next\" role=\"button\" aria-label=\"next arrow\" tabindex=\"0\"><img loading=\"lazy\" decoding=\"async\" width=\"32\" height=\"32\" class=\"skip-lazy\" data-skip-lazy=\"1\" src=\"data:image\/svg+xml;base64,PHN2ZyB3aWR0aD0iMzIiIGhlaWdodD0iMzIiIHZpZXdCb3g9IjAgMCAzMiAzMiIgeG1sbnM9Imh0dHA6Ly93d3cudzMub3JnLzIwMDAvc3ZnIj4KICAgIDxwYXRoIGQ9Ik0xMC43MjIgNC4yOTNjLS4zOTQtLjM5LTEuMDMyLS4zOS0xLjQyNyAwLS4zOTMuMzktLjM5MyAxLjAzIDAgMS40MmwxMS4yODMgMTAuMjgtMTEuMjgzIDEwLjI5Yy0uMzkzLjM5LS4zOTMgMS4wMiAwIDEuNDIuMzk1LjM5IDEuMDMzLjM5IDEuNDI3IDBsMTIuMDA3LTEwLjk0Yy4yMS0uMjEuMy0uNDkuMjg0LS43Ny4wMTQtLjI3LS4wNzYtLjU1LS4yODYtLjc2TDEwLjcyIDQuMjkzeiIKICAgICAgICAgIGZpbGw9IiNmZmZmZmYiIG9wYWNpdHk9IjAuOCIgZmlsbC1ydWxlPSJldmVub2RkIi8+Cjwvc3ZnPg==\" alt=\"next arrow\"><\/div><\/div><\/div><\/div><ss3-loader><\/ss3-loader><\/div><\/div><div class=\"n2_clear\"><\/div><\/div><\/div>\n\n\n\n<div class=\"wp-block-column is-layout-flow wp-block-column-is-layout-flow\">\n<h2 class=\"wp-block-heading has-text-color has-large-font-size\" style=\"color:#19662a;font-style:normal;font-weight:700\">La Fontana<\/h2>\n\n\n\n<p>La nostra accogliente camera per vacanze con carattere di loft colpisce per i suoi alti soffitti. Nell&#8217;ex fienile, circa 60m\u00b2 offrono spazio per un massimo di 4 persone. La zona notte rialzata offre una splendida vista sul nostro laghetto. Un&#8217;accogliente zona soggiorno invita a soffermarsi davanti alla porta. Ancora ombreggiata al mattino, qui si pu\u00f2 godere del sole fino a sera.<\/p>\n\n\n\n<details>\n  <summary>Attrezzatura<\/summary>\n  <p><ul><li>ca. 46m\u00b2<\/li>\n<li>Letto matrimoniale<\/li>\n<li>Divano letto (su richiesta)<\/li>\n<li>Letto aggiuntivo (su richiesta)<\/li>\n<li>Bagno con vasca\/doccia e bidet<\/li>\n<li>Angolo lettura con libri selezionati e utensili per scrivere e disegnare<\/li>\n<li>Biancheria da letto, asciugamani, teli da bagno<\/li><\/p>\n<\/details>\n\n\n\n<details>\n<summary><a href=\"#utili\">Informazioni utili<\/a><\/summary>\n<\/details>\n\n\n\n<h4 class=\"wp-block-heading has-text-color has-medium-font-size\" style=\"color:#19662a\"><strong><a href=\"https:\/\/casa.fontagusta.eu\/it\/anfrage-2\/\">Prenota ora<\/a><\/strong><\/h4>\n<\/div>\n<\/div>\n\n\n\n<div style=\"height:37px\" aria-hidden=\"true\" class=\"wp-block-spacer\"><\/div>\n\n\n\n<div style=\"height:37px\" aria-hidden=\"true\" class=\"wp-block-spacer\"><\/div>\n\n\n\n<div class=\"wp-block-columns is-layout-flex wp-container-core-columns-is-layout-9d6595d7 wp-block-columns-is-layout-flex\">\n<div class=\"wp-block-column is-layout-flow wp-block-column-is-layout-flow\">\n\n\n<h4 class=\"wp-block-heading has-text-color has-medium-font-size\" style=\"color:#19662a\"><strong>Attrezzatura<\/strong><\/h4>\n\n\n\n<p>Sul davanzale della finestra, varie erbe aromatiche profumano e aspettano solo di essere utilizzate per raffinare i piatti e preparare t\u00e8 o tisane ghiacciate. Un accogliente angolo lettura con una piccola biblioteca e utensili per scrivere e disegnare invita alla creativit\u00e0. La cucina \u00e8 dotata di tutto il necessario per vivere qui. \u00c8 possibile noleggiare uno stendino per gli asciugamani da bagno.<\/p>\n<\/div>\n\n\n\n<div class=\"wp-block-column is-layout-flow wp-block-column-is-layout-flow\">\n\n\n<h4 class=\"wp-block-heading has-text-color has-medium-font-size\" style=\"color:#19662a\"><strong>Il laghetto<\/strong><\/h4>\n\n\n\n<p>Presso il laghetto, un&#8217;accogliente area salotto invita a soffermarsi. Si pu\u00f2 osservare la vita all&#8217;interno e intorno al laghetto. Chiss\u00e0, forse passer\u00e0 una lucertola curiosa o i gatti chiederanno di essere accarezzati. Oppure potete semplicemente godervi la tranquillit\u00e0 naturale, magari con un buon libro?<br>Per i pi\u00f9 golosi, c&#8217;\u00e8 un piccolo angolo snack con varie piccoli frutti.<\/p>\n<\/div>\n\n\n\n<div class=\"wp-block-column is-layout-flow wp-block-column-is-layout-flow\">\n\n\n<h4 class=\"wp-block-heading has-text-color has-medium-font-size\" style=\"color:#19662a\"><strong>Negozio<\/strong><\/h4>\n\n\n\n<p>Nel nostro spaccio aziendale \u00e8 possibile acquistare diversi prodotti, come frutta e verdura fresca proveniente dalle nostre coltivazioni.<\/p>\n<\/div>\n<\/div>\n\n\n\n<h2 class=\"wp-block-heading\" id=\"utili\">Informazioni utili<\/h2>\n\n\n\n<details>\n  <summary>Informazioni sulla prenotazione<\/summary>\n  <p>Il prezzo include:<\/p>\n<ul><li>Fornitura di biancheria da letto, asciugamani e strofinacci<\/li>\n<li>Elettricit\u00e0<\/li>\n<li>Riscaldamento<\/li>\n<li>Pulizia finale<\/li><\/ul>\n<p>I prezzi si intendono al giorno per un soggiorno minimo di 3 notti. Su richiesta \u00e8 possibile soggiornare per meno di 3 notte.<\/p>\n<\/details>\n\n\n\n<details>\n  <summary>Acconto<\/summary>\n<p>La prenotazione sar\u00e0 garantita solo dopo la conferma scritta della stessa e il ricevimento dell&#8217;acconto versato. Al momento della prenotazione \u00e8 necessario versare un acconto pari al 20% dell&#8217;importo totale tramite bonifico bancario. Ti preghiamo di versare l&#8217;acconto entro 10 giorni. Il saldo dovr\u00e0 essere pagato direttamente in loco presso la struttura ricettiva. Al momento \u00e8 possibile pagare solo in contanti!<\/p>\n<\/details>\n\n\n\n<details>\n  <summary>Condizioni di cancellazione<\/summary>\n<p>Non \u00e8 previsto alcun diritto di recesso ai sensi del Codice della tutela dei consumatori. Tuttavia, concediamo le seguenti condizioni di cancellazione:<\/p>\n<p>In caso di cancellazione fino a 31 giorni prima dell&#8217;arrivo, non saranno addebitati costi aggiuntivi di cancellazione. Verr\u00e0 trattenuta solo la caparra.\nIn caso di cancellazione da 30 a 5 giorni prima dell&#8217;arrivo, verr\u00e0 addebitato il 50% dell&#8217;importo totale prenotato.\nIn caso di cancellazione entro 4 giorni prima dell&#8217;arrivo, verr\u00e0 addebitato il 100% dell&#8217;importo totale prenotato.\nIn caso di partenza anticipata, arrivo posticipato o mancata presentazione, verr\u00e0 addebitato il 100% dell&#8217;importo totale prenotato e non usufruito.<\/p>\n<p>Si fa espressamente riferimento alle disposizioni di legge di cui agli articoli 45-67 del Codice del Consumo italiano D.Lgs. 206\/2005.<\/p>\n<\/details>\n\n\n\n<details>\n  <summary>Assicurazione di viaggio<\/summary>\n<p>Per risparmiare sui costi e tutelarsi, consigliamo di stipulare un&#8217;assicurazione di viaggio.<\/p>\n<\/details>\n\n\n\n<details>\n  <summary>Arrivo e partenza<\/summary>\n<p>Il giorno dell&#8217;arrivo potrai prendere possesso del appartamento a partire dalle ore 16. Se prevedi di arrivare dopo le ore 19, ti preghiamo di comunicarcelo. Il giorno della partenza ti preghiamo di liberare l&#8217;appartamento entro le ore 14 per consentire lo svolgimento delle pulizie finale.<\/p>\n<\/details>\n\n\n\n<details>\n  <summary>Attrezzatura<\/summary>\n<p>Il nostro appartamento \u00e8 perfettamente attrezzato per una vacanza all&#8217;insegna del comfort.<\/p>\n<p>Sono disponibili:<\/p>\n<ul><li>Biancheria da letto<\/li>\n<li>Strofinacci<\/li>\n<li>Asciugamani e teli da bagno<\/li>\n<li>Stoviglie, bicchieri, posate<\/li>\n<li>Detergente per piatti<\/li>\n<\/details>\n\n\n\n<details>\n  <summary>Parcheggio<\/summary>\n<p>Presso la casa \u00e8 disponibile un parcheggio gratuito.<\/p>\n<\/details>\n\n\n\n<details>\n  <summary>Animali domestici<\/summary>\n<p>Nella nostra fattoria vivono gi\u00e0 molti animali. Ti chiediamo gentilmente di comprendere che il tuo animale domestico non pu\u00f2 venire con te.<\/p>\n<\/details>\n\n\n\n<details>\n  <summary>Fumare<\/summary>\n<p>Ti preghiamo di comprendere che non \u00e8 consentito fumare all&#8217;interno della casa e nell&#8217;area circostante.<\/p>\n<\/details>\n","protected":false},"excerpt":{"rendered":"<p>Abitare La Fontana La nostra accogliente camera per vacanze con carattere di loft colpisce per i suoi alti soffitti. Nell&#8217;ex fienile, circa 60m\u00b2 offrono spazio per un massimo di 4 persone. La zona notte rialzata offre una splendida vista sul nostro laghetto. Un&#8217;accogliente zona soggiorno invita a soffermarsi davanti alla porta. Ancora ombreggiata al mattino, qui si pu\u00f2 godere del<\/p>\n<p><a class=\"more-link\" href=\"https:\/\/casa.fontagusta.eu\/it\/wohnen\/\">Read More<\/a><\/p>\n","protected":false},"author":1,"featured_media":0,"parent":0,"menu_order":0,"comment_status":"closed","ping_status":"closed","template":"","meta":{"footnotes":""},"class_list":["post-84","page","type-page","status-publish","hentry"],"translation":{"provider":"WPGlobus","version":"3.0.2","language":"it","enabled_languages":["de","it","en"],"languages":{"de":{"title":true,"content":true,"excerpt":false},"it":{"title":true,"content":true,"excerpt":false},"en":{"title":true,"content":true,"excerpt":false}}},"yoast_head":"<!-- This site is optimized with the Yoast SEO plugin v27.1.1 - https:\/\/yoast.com\/product\/yoast-seo-wordpress\/ -->\n<title>Abitare<\/title>\n<meta name=\"description\" content=\"Una cucina completa, incluso il forno - Varie erbe aromaticche - Letti accoglienti - Bagno con vasca e doccia\" \/>\n<meta name=\"robots\" content=\"index, follow, max-snippet:-1, max-image-preview:large, max-video-preview:-1\" \/>\n<link rel=\"canonical\" href=\"https:\/\/casa.fontagusta.eu\/wohnen\/\" \/>\n<meta property=\"og:locale\" content=\"it_IT\" \/>\n<meta property=\"og:type\" content=\"article\" \/>\n<meta property=\"og:title\" content=\"Abitare\" \/>\n<meta property=\"og:description\" content=\"Una cucina completa, incluso il forno - Varie erbe aromaticche - Letti accoglienti - Bagno con vasca e doccia\" \/>\n<meta property=\"og:url\" content=\"https:\/\/casa.fontagusta.eu\/wohnen\/\" \/>\n<meta property=\"og:site_name\" content=\"Casa FontaGusta\" \/>\n<meta property=\"article:publisher\" content=\"https:\/\/www.facebook.com\/profile.php?id=100095048316272\" \/>\n<meta property=\"article:modified_time\" content=\"2026-03-12T15:39:09+00:00\" \/>\n<meta name=\"twitter:card\" content=\"summary_large_image\" \/>\n<meta name=\"twitter:label1\" content=\"Est. reading time\" \/>\n\t<meta name=\"twitter:data1\" content=\"5 minutes\" \/>\n<script type=\"application\/ld+json\" class=\"yoast-schema-graph\">{\"@context\":\"https:\/\/schema.org\",\"@graph\":[{\"@type\":\"WebPage\",\"@id\":\"https:\/\/casa.fontagusta.eu\/wohnen\/\",\"url\":\"https:\/\/casa.fontagusta.eu\/wohnen\/\",\"name\":\"Living\",\"isPartOf\":{\"@id\":\"https:\/\/casa.fontagusta.eu\/#website\"},\"datePublished\":\"2023-05-25T10:02:08+00:00\",\"dateModified\":\"2026-03-12T15:39:09+00:00\",\"description\":\"A complete kitchen incl. oven - Various herbs at your disposal - Cozy bedding - Bathroom with shower and bathtub\",\"breadcrumb\":{\"@id\":\"https:\/\/casa.fontagusta.eu\/wohnen\/#breadcrumb\"},\"inLanguage\":\"it-IT\",\"potentialAction\":[{\"@type\":\"ReadAction\",\"target\":[\"https:\/\/casa.fontagusta.eu\/wohnen\/\"]}]},{\"@type\":\"BreadcrumbList\",\"@id\":\"https:\/\/casa.fontagusta.eu\/wohnen\/#breadcrumb\",\"itemListElement\":[{\"@type\":\"ListItem\",\"position\":1,\"name\":\"Startseite\",\"item\":\"https:\/\/casa.fontagusta.eu\/\"},{\"@type\":\"ListItem\",\"position\":2,\"name\":\"Wohnen\"}]},{\"@type\":\"WebSite\",\"@id\":\"https:\/\/casa.fontagusta.eu\/#website\",\"url\":\"https:\/\/casa.fontagusta.eu\/\",\"name\":\"Casa FontaGusta\",\"description\":\"Arrivare. Respirare. Rilassare\",\"publisher\":{\"@id\":\"https:\/\/casa.fontagusta.eu\/#organization\"},\"potentialAction\":[{\"@type\":\"SearchAction\",\"target\":{\"@type\":\"EntryPoint\",\"urlTemplate\":\"https:\/\/casa.fontagusta.eu\/?s={search_term_string}\"},\"query-input\":{\"@type\":\"PropertyValueSpecification\",\"valueRequired\":true,\"valueName\":\"search_term_string\"}}],\"inLanguage\":\"it-IT\"},{\"@type\":\"Organization\",\"@id\":\"https:\/\/casa.fontagusta.eu\/#organization\",\"name\":\"Casa FontaGusta\",\"url\":\"https:\/\/casa.fontagusta.eu\/\",\"logo\":{\"@type\":\"ImageObject\",\"inLanguage\":\"it-IT\",\"@id\":\"https:\/\/casa.fontagusta.eu\/#\/schema\/logo\/image\/\",\"url\":\"https:\/\/casa.fontagusta.eu\/wp-content\/uploads\/2023\/07\/Logo_casafontagusta.png\",\"contentUrl\":\"https:\/\/casa.fontagusta.eu\/wp-content\/uploads\/2023\/07\/Logo_casafontagusta.png\",\"width\":5547,\"height\":1112,\"caption\":\"Casa FontaGusta\"},\"image\":{\"@id\":\"https:\/\/casa.fontagusta.eu\/#\/schema\/logo\/image\/\"},\"sameAs\":[\"https:\/\/www.facebook.com\/profile.php?id=100095048316272\"]}]}<\/script>\n<!-- \/ Yoast SEO plugin. -->","yoast_head_json":{"title":"Abitare","description":"Una cucina completa, incluso il forno - Varie erbe aromaticche - Letti accoglienti - Bagno con vasca e doccia","robots":{"index":"index","follow":"follow","max-snippet":"max-snippet:-1","max-image-preview":"max-image-preview:large","max-video-preview":"max-video-preview:-1"},"canonical":"https:\/\/casa.fontagusta.eu\/wohnen\/","og_locale":"it_IT","og_type":"article","og_title":"Abitare","og_description":"Una cucina completa, incluso il forno - Varie erbe aromaticche - Letti accoglienti - Bagno con vasca e doccia","og_url":"https:\/\/casa.fontagusta.eu\/wohnen\/","og_site_name":"Casa FontaGusta","article_publisher":"https:\/\/www.facebook.com\/profile.php?id=100095048316272","article_modified_time":"2026-03-12T15:39:09+00:00","twitter_card":"summary_large_image","twitter_misc":{"Est. reading time":"5 minutes"},"schema":{"@context":"https:\/\/schema.org","@graph":[{"@type":"WebPage","@id":"https:\/\/casa.fontagusta.eu\/wohnen\/","url":"https:\/\/casa.fontagusta.eu\/wohnen\/","name":"Living","isPartOf":{"@id":"https:\/\/casa.fontagusta.eu\/#website"},"datePublished":"2023-05-25T10:02:08+00:00","dateModified":"2026-03-12T15:39:09+00:00","description":"A complete kitchen incl. oven - Various herbs at your disposal - Cozy bedding - Bathroom with shower and bathtub","breadcrumb":{"@id":"https:\/\/casa.fontagusta.eu\/wohnen\/#breadcrumb"},"inLanguage":"it-IT","potentialAction":[{"@type":"ReadAction","target":["https:\/\/casa.fontagusta.eu\/wohnen\/"]}]},{"@type":"BreadcrumbList","@id":"https:\/\/casa.fontagusta.eu\/wohnen\/#breadcrumb","itemListElement":[{"@type":"ListItem","position":1,"name":"Startseite","item":"https:\/\/casa.fontagusta.eu\/"},{"@type":"ListItem","position":2,"name":"Wohnen"}]},{"@type":"WebSite","@id":"https:\/\/casa.fontagusta.eu\/#website","url":"https:\/\/casa.fontagusta.eu\/","name":"Casa FontaGusta","description":"Arrivare. Respirare. Rilassare","publisher":{"@id":"https:\/\/casa.fontagusta.eu\/#organization"},"potentialAction":[{"@type":"SearchAction","target":{"@type":"EntryPoint","urlTemplate":"https:\/\/casa.fontagusta.eu\/?s={search_term_string}"},"query-input":{"@type":"PropertyValueSpecification","valueRequired":true,"valueName":"search_term_string"}}],"inLanguage":"it-IT"},{"@type":"Organization","@id":"https:\/\/casa.fontagusta.eu\/#organization","name":"Casa FontaGusta","url":"https:\/\/casa.fontagusta.eu\/","logo":{"@type":"ImageObject","inLanguage":"it-IT","@id":"https:\/\/casa.fontagusta.eu\/#\/schema\/logo\/image\/","url":"https:\/\/casa.fontagusta.eu\/wp-content\/uploads\/2023\/07\/Logo_casafontagusta.png","contentUrl":"https:\/\/casa.fontagusta.eu\/wp-content\/uploads\/2023\/07\/Logo_casafontagusta.png","width":5547,"height":1112,"caption":"Casa FontaGusta"},"image":{"@id":"https:\/\/casa.fontagusta.eu\/#\/schema\/logo\/image\/"},"sameAs":["https:\/\/www.facebook.com\/profile.php?id=100095048316272"]}]}},"_links":{"self":[{"href":"https:\/\/casa.fontagusta.eu\/it\/wp-json\/wp\/v2\/pages\/84","targetHints":{"allow":["GET"]}}],"collection":[{"href":"https:\/\/casa.fontagusta.eu\/it\/wp-json\/wp\/v2\/pages"}],"about":[{"href":"https:\/\/casa.fontagusta.eu\/it\/wp-json\/wp\/v2\/types\/page"}],"author":[{"embeddable":true,"href":"https:\/\/casa.fontagusta.eu\/it\/wp-json\/wp\/v2\/users\/1"}],"replies":[{"embeddable":true,"href":"https:\/\/casa.fontagusta.eu\/it\/wp-json\/wp\/v2\/comments?post=84"}],"version-history":[{"count":9,"href":"https:\/\/casa.fontagusta.eu\/it\/wp-json\/wp\/v2\/pages\/84\/revisions"}],"predecessor-version":[{"id":813,"href":"https:\/\/casa.fontagusta.eu\/it\/wp-json\/wp\/v2\/pages\/84\/revisions\/813"}],"wp:attachment":[{"href":"https:\/\/casa.fontagusta.eu\/it\/wp-json\/wp\/v2\/media?parent=84"}],"curies":[{"name":"wp","href":"https:\/\/api.w.org\/{rel}","templated":true}]}}